{"id":4909,"date":"2021-07-01T11:17:11","date_gmt":"2021-07-01T10:17:11","guid":{"rendered":"https:\/\/www.lkr.si\/machining\/"},"modified":"2021-10-14T10:23:03","modified_gmt":"2021-10-14T09:23:03","slug":"strojna-obdelava","status":"publish","type":"page","link":"https:\/\/www.lkr.si\/sl\/strojna-obdelava\/","title":{"rendered":"Strojna obdelava"},"content":{"rendered":"<section id=\"bt_bb_section69e8b6cb1a8ab\"  data-background_image_src=\"'https:\/\/www.lkr.si\/wp-content\/uploads\/2021\/08\/no11.jpg'\" class=\"bt_bb_section bt_bb_top_spacing_extra_large bt_bb_bottom_spacing_large bt_bb_color_scheme_11 bt_bb_layout_boxed_1200 bt_bb_vertical_align_top btLazyLoadBackground bt_bb_background_image bt_bb_background_overlay_dark_solid bt-dark-skin\" style=\"background-image:url(&#039;https:\/\/www.lkr.si\/wp-content\/plugins\/bold-page-builder\/img\/blank.gif&#039;);\"><div class=\"bt_bb_port\"><div class=\"bt_bb_cell\"><div class=\"bt_bb_cell_inner\"><div class=\"bt_bb_row_wrapper\"><div  class=\"bt_bb_row\" ><div  class=\"bt_bb_column col-xl-6 bt_bb_vertical_align_top bt_bb_align_left bt_bb_padding_normal bt_bb_animation_fade_in bt_bb_animation_zoom_out animate\"  data-width=\"6\" data-bt-override-class=\"{}\"><div class=\"bt_bb_column_content\"><div class=\"bt_bb_column_content_inner\"><header class=\"bt_bb_headline bt_bb_dash_top bt_bb_size_extralarge bt_bb_superheadline bt_bb_subheadline bt_bb_align_inherit\"><h1><span class=\"bt_bb_headline_superheadline\"><span>Razumevanje va\u0161ih potreb<\/span><\/span><span class=\"bt_bb_headline_content\"><span>Strojna obdelava<\/span><\/span><\/h1><div class=\"bt_bb_headline_subheadline\">Sodobne tehni\u010dne re\u0161itve<\/div><\/header><div class=\"bt_bb_separator bt_bb_border_style_none bt_bb_bottom_spacing_60\" data-bt-override-class=\"null\"><\/div><\/div><\/div><\/div><div  class=\"bt_bb_column col-xl-6 bt_bb_vertical_align_top bt_bb_align_right bt_bb_padding_40 bt_bb_animation_fade_in bt_bb_animation_zoom_out animate\"  data-width=\"6\" data-bt-override-class=\"{}\"><div class=\"bt_bb_column_content\"><div class=\"bt_bb_column_content_inner\"><\/div><\/div><\/div><\/div><\/div><\/div><\/div><\/div><\/section><section id=\"bt_bb_section69e8b6cb1af20\"  class=\"bt_bb_section bt_bb_top_spacing_100 bt_bb_layout_wide bt_bb_vertical_align_top\" style=\"z-index: 1;\"><div class=\"bt_bb_port\"><div class=\"bt_bb_cell\"><div class=\"bt_bb_cell_inner\"><div class=\"bt_bb_row_wrapper bt_bb_row_push_left bt_bb_content_wide bt_bb_row_width_boxed_1200\"><div  class=\"bt_bb_row bt_bb_column_gap_30\" ><div  class=\"bt_bb_column col-xl-5 bt_bb_vertical_align_top bt_bb_align_left bt_bb_padding_normal bt_bb_animation_fade_in animate\" style=\"position: relative;\" data-width=\"5\" data-bt-override-class=\"{&quot;bt_bb_align_&quot;:{&quot;current_class&quot;:&quot;bt_bb_align_left&quot;,&quot;xl&quot;:&quot;left&quot;}}\"><div class=\"bt_bb_column_content\"><div class=\"bt_bb_column_content_inner\"><div class=\"bt_bb_image bt_bb_shape_square bt_bb_align_inherit bt_bb_hover_style_simple bt_bb_content_display_always bt_bb_content_align_bottom bt_bb_remove_padding_40 bt_bb_fill_background_color_match_content_height bt_bb_content_exists\" style=\"max-width: 650px; float: right;\"><span><img src = \"https:\/\/www.lkr.si\/wp-content\/plugins\/bold-page-builder\/img\/blank.gif\" data-full_image_src=\"https:\/\/www.lkr.si\/wp-content\/uploads\/2021\/08\/025.jpg\" data-image_src=\"https:\/\/www.lkr.si\/wp-content\/uploads\/2021\/08\/025-1280x1058.jpg\" title=\"025\" alt=\"https:\/\/www.lkr.si\/wp-content\/uploads\/2021\/08\/025-1280x1058.jpg\" class=\"btLazyLoadImage\"><\/span><div class=\"bt_bb_image_content\" style=\"--bgcolor: rgba(255,125,12,0.51);background-color: rgba(255,125,12,0.51);\"><div class=\"bt_bb_image_content_flex\"><div class=\"bt_bb_image_content_inner\"><div  class=\"bt_bb_text\" style=\"color: #FFF;\"><p>Za najvi\u0161je zahteve glede natan\u010dnosti in kakovosti povr\u0161ine uporabljamo kerami\u010dni sistem za oblikovanje \/ sistem Shaw.<\/p>\n<\/div><\/div><\/div><\/div><\/div><div class=\"bt_bb_floating_element bt_bb_floating_element_horizontal_position_right bt_bb_floating_element_vertical_position_top bt_bb_floating_element_animation_delay_default bt_bb_floating_element_animation_duration_default bt_bb_floating_element_animation_style_ease_out\" style=\"margin-right: -1em; margin-top: -3em; mix-blend-mode: multiply;\" data-speed=\"0\"><div class=\"bt_bb_floating_element_html\" data-speed=\"0\"><span  style=\"width: 5em; height: 5em; box-shadow: 0 0 0 4px #F1F1F1 inset;\"><\/span><\/div><\/div><div class=\"bt_bb_separator bt_bb_border_style_none bt_bb_bottom_spacing_60 bt_bb_hidden_md bt_bb_hidden_lg\" data-bt-override-class=\"null\"><\/div><\/div><\/div><\/div><div  class=\"bt_bb_column col-xl-7 bt_bb_vertical_align_middle bt_bb_align_left bt_bb_padding_normal bt_bb_animation_fade_in animate\"  data-width=\"7\" data-bt-override-class=\"{}\"><div class=\"bt_bb_column_content\"><div class=\"bt_bb_column_content_inner\"><div  class=\"bt_bb_row_inner\" ><div  class=\"bt_bb_column_inner col-xl-6 bt_bb_align_left bt_bb_vertical_align_top\"  data-width=\"6\" data-bt-override-class=\"{}\"><div class=\"bt_bb_column_inner_content\"><header class=\"bt_bb_headline bt_bb_font_weight_600 bt_bb_dash_none bt_bb_size_normal bt_bb_align_inherit\"><h4><span class=\"bt_bb_headline_content\"><span>Mo\u017enosti obdelave<\/span><\/span><\/h4><\/header><div class=\"bt_bb_separator bt_bb_border_style_none bt_bb_bottom_spacing_20\" data-bt-override-class=\"null\"><\/div><div class=\"bt_bb_icon btFooterAccentIcon bt_bb_style_borderless bt_bb_size_small bt_bb_shape_circle bt_bb_target_self bt_bb_align_inherit\" data-bt-override-class=\"{&quot;bt_bb_size_&quot;:{&quot;current_class&quot;:&quot;bt_bb_size_small&quot;,&quot;xl&quot;:&quot;small&quot;},&quot;bt_bb_align_&quot;:{&quot;current_class&quot;:&quot;bt_bb_align_inherit&quot;,&quot;xl&quot;:&quot;inherit&quot;}}\"><span  data-ico-fontawesome5regular=\"&#xf058;\" class=\"bt_bb_icon_holder\"><span>Napredni programi, ki podpirajo CAD-CAM<\/span><\/span><\/div><div class=\"bt_bb_separator bt_bb_border_style_none bt_bb_bottom_spacing_20\" data-bt-override-class=\"null\"><\/div><div class=\"bt_bb_icon btFooterAccentIcon bt_bb_style_borderless bt_bb_size_small bt_bb_shape_circle bt_bb_target_self bt_bb_align_inherit\" data-bt-override-class=\"{&quot;bt_bb_size_&quot;:{&quot;current_class&quot;:&quot;bt_bb_size_small&quot;,&quot;xl&quot;:&quot;small&quot;},&quot;bt_bb_align_&quot;:{&quot;current_class&quot;:&quot;bt_bb_align_inherit&quot;,&quot;xl&quot;:&quot;inherit&quot;}}\"><span  data-ico-fontawesome5regular=\"&#xf058;\" class=\"bt_bb_icon_holder\"><span>5-osni CNC stroj z monta\u017eno povr\u0161ino 3000 mm in obremenitvijo plo\u0161\u010de 10 t<\/span><\/span><\/div><div class=\"bt_bb_separator bt_bb_border_style_none bt_bb_bottom_spacing_20\" data-bt-override-class=\"null\"><\/div><div class=\"bt_bb_icon btFooterAccentIcon bt_bb_style_borderless bt_bb_size_small bt_bb_shape_circle bt_bb_target_self bt_bb_align_inherit\" data-bt-override-class=\"{&quot;bt_bb_size_&quot;:{&quot;current_class&quot;:&quot;bt_bb_size_small&quot;,&quot;xl&quot;:&quot;small&quot;},&quot;bt_bb_align_&quot;:{&quot;current_class&quot;:&quot;bt_bb_align_inherit&quot;,&quot;xl&quot;:&quot;inherit&quot;}}\"><span  data-ico-fontawesome5regular=\"&#xf058;\" class=\"bt_bb_icon_holder\"><span>CNC vertikalno stru\u017enica z motornim orodjem do 1200 mm<\/span><\/span><\/div><div class=\"bt_bb_separator bt_bb_border_style_none bt_bb_bottom_spacing_20\" data-bt-override-class=\"null\"><\/div><div class=\"bt_bb_icon btFooterAccentIcon bt_bb_style_borderless bt_bb_size_small bt_bb_shape_circle bt_bb_target_self bt_bb_align_inherit\" data-bt-override-class=\"{&quot;bt_bb_size_&quot;:{&quot;current_class&quot;:&quot;bt_bb_size_small&quot;,&quot;xl&quot;:&quot;small&quot;},&quot;bt_bb_align_&quot;:{&quot;current_class&quot;:&quot;bt_bb_align_inherit&quot;,&quot;xl&quot;:&quot;inherit&quot;}}\"><span  data-ico-fontawesome5regular=\"&#xf058;\" class=\"bt_bb_icon_holder\"><span>Nadaljnji CNC rezkalni in stru\u017eilni stroji<\/span><\/span><\/div><div class=\"bt_bb_separator bt_bb_border_style_none bt_bb_bottom_spacing_20\" data-bt-override-class=\"null\"><\/div><div class=\"bt_bb_separator bt_bb_border_style_none bt_bb_bottom_spacing_20 bt_bb_hidden_md bt_bb_hidden_lg\" data-bt-override-class=\"null\"><\/div><\/div><\/div><div  class=\"bt_bb_column_inner col-xl-6 bt_bb_align_left bt_bb_vertical_align_top bt_bb_padding_normal\" style=\"position: relative;\" data-width=\"6\" data-bt-override-class=\"{}\"><div class=\"bt_bb_column_inner_content\"><header class=\"bt_bb_headline bt_bb_font_weight_600 bt_bb_dash_none bt_bb_size_normal bt_bb_align_inherit\"><h4><span class=\"bt_bb_headline_content\"><span>Tehnologija in oprema<\/span><\/span><\/h4><\/header><div class=\"bt_bb_separator bt_bb_border_style_none bt_bb_bottom_spacing_20\" data-bt-override-class=\"null\"><\/div><div class=\"bt_bb_icon btFooterAccentIcon bt_bb_style_borderless bt_bb_size_small bt_bb_shape_circle bt_bb_target_self bt_bb_align_inherit\" data-bt-override-class=\"{&quot;bt_bb_size_&quot;:{&quot;current_class&quot;:&quot;bt_bb_size_small&quot;,&quot;xl&quot;:&quot;small&quot;},&quot;bt_bb_align_&quot;:{&quot;current_class&quot;:&quot;bt_bb_align_inherit&quot;,&quot;xl&quot;:&quot;inherit&quot;}}\"><span  data-ico-fontawesome5regular=\"&#xf058;\" class=\"bt_bb_icon_holder\"><span>Dokon\u010dajte strojno obdelavo<\/span><\/span><\/div><div class=\"bt_bb_separator bt_bb_border_style_none bt_bb_bottom_spacing_10\" data-bt-override-class=\"null\"><\/div><div class=\"bt_bb_icon btFooterAccentIcon bt_bb_style_borderless bt_bb_size_small bt_bb_shape_circle bt_bb_target_self bt_bb_align_inherit\" data-bt-override-class=\"{&quot;bt_bb_size_&quot;:{&quot;current_class&quot;:&quot;bt_bb_size_small&quot;,&quot;xl&quot;:&quot;small&quot;},&quot;bt_bb_align_&quot;:{&quot;current_class&quot;:&quot;bt_bb_align_inherit&quot;,&quot;xl&quot;:&quot;inherit&quot;}}\"><span  data-ico-fontawesome5regular=\"&#xf058;\" class=\"bt_bb_icon_holder\"><span>Predobdelava<\/span><\/span><\/div><div class=\"bt_bb_separator bt_bb_border_style_none bt_bb_bottom_spacing_10\" data-bt-override-class=\"null\"><\/div><div class=\"bt_bb_icon btFooterAccentIcon bt_bb_style_borderless bt_bb_size_small bt_bb_shape_circle bt_bb_target_self bt_bb_align_inherit\" data-bt-override-class=\"{&quot;bt_bb_size_&quot;:{&quot;current_class&quot;:&quot;bt_bb_size_small&quot;,&quot;xl&quot;:&quot;small&quot;},&quot;bt_bb_align_&quot;:{&quot;current_class&quot;:&quot;bt_bb_align_inherit&quot;,&quot;xl&quot;:&quot;inherit&quot;}}\"><span  data-ico-fontawesome5regular=\"&#xf058;\" class=\"bt_bb_icon_holder\"><span>Izdelava komponent<\/span><\/span><\/div><div class=\"bt_bb_separator bt_bb_border_style_none bt_bb_bottom_spacing_10\" data-bt-override-class=\"null\"><\/div><div class=\"bt_bb_icon btFooterAccentIcon bt_bb_style_borderless bt_bb_size_small bt_bb_shape_circle bt_bb_target_self bt_bb_align_inherit\" data-bt-override-class=\"{&quot;bt_bb_size_&quot;:{&quot;current_class&quot;:&quot;bt_bb_size_small&quot;,&quot;xl&quot;:&quot;small&quot;},&quot;bt_bb_align_&quot;:{&quot;current_class&quot;:&quot;bt_bb_align_inherit&quot;,&quot;xl&quot;:&quot;inherit&quot;}}\"><span  data-ico-fontawesome5regular=\"&#xf058;\" class=\"bt_bb_icon_holder\"><span>Pogodbena obdelava<\/span><\/span><\/div><div class=\"bt_bb_separator bt_bb_border_style_none bt_bb_bottom_spacing_10\" data-bt-override-class=\"null\"><\/div><div class=\"bt_bb_separator bt_bb_border_style_solid bt_bb_top_spacing_40 bt_bb_bottom_spacing_40\" data-bt-override-class=\"null\"><\/div><div class=\"bt_bb_button bt_bb_color_scheme_6 bt_bb_icon_position_left bt_bb_style_filled bt_bb_size_normal bt_bb_width_inline bt_bb_shape_inherit bt_bb_target_self bt_bb_align_inherit\" style=\"; --primary-color:#ffffff; --secondary-color:#ff7700;\" data-bt-override-class=\"{&quot;bt_bb_size_&quot;:{&quot;current_class&quot;:&quot;bt_bb_size_normal&quot;,&quot;xl&quot;:&quot;normal&quot;},&quot;bt_bb_align_&quot;:{&quot;current_class&quot;:&quot;bt_bb_align_inherit&quot;,&quot;xl&quot;:&quot;inherit&quot;}}\"><a href=\"https:\/\/www.lkr.si\/sl\/o-nas\/kontakt\/#contact\" target=\"_self\" class=\"bt_bb_link\" title=\"Kontaktiraj nas\"><span class=\"bt_bb_button_text\" >Kontaktiraj nas<\/span><\/a><\/div><div class=\"bt_bb_separator bt_bb_border_style_none bt_bb_bottom_spacing_20 bt_bb_hidden_md bt_bb_hidden_lg\" data-bt-override-class=\"null\"><\/div><\/div><\/div><\/div><\/div><\/div><\/div><\/div><\/div><\/div><\/div><\/div><\/section><section id=\"bt_bb_section69e8b6cb1cfbb\"  class=\"bt_bb_section bt_bb_layout_boxed_1200\" ><div class=\"bt_bb_port\"><div class=\"bt_bb_cell\"><div class=\"bt_bb_cell_inner\"><div class=\"bt_bb_row_wrapper\"><div  class=\"bt_bb_row\" ><div  class=\"bt_bb_column col-xl-12 col-xs-12 col-sm-12 col-md-12 col-lg-12 bt_bb_vertical_align_top bt_bb_align_left bt_bb_padding_normal\"  data-width=\"12\" data-bt-override-class=\"{}\"><div class=\"bt_bb_column_content\"><div class=\"bt_bb_column_content_inner\"><div class=\"bt_bb_separator bt_bb_border_style_none bt_bb_top_spacing_50 bt_bb_bottom_spacing_50\" data-bt-override-class=\"null\"><\/div><\/div><\/div><\/div><\/div><\/div><\/div><\/div><\/div><\/section>","protected":false},"excerpt":{"rendered":"","protected":false},"author":3,"featured_media":0,"parent":0,"menu_order":0,"comment_status":"closed","ping_status":"closed","template":"","meta":{"content-type":""},"yoast_head":"<!-- This site is optimized with the Yoast SEO plugin v21.0 - https:\/\/yoast.com\/wordpress\/plugins\/seo\/ -->\n<title>Strojna obdelava - LKR<\/title>\n<meta name=\"robots\" content=\"index, follow, max-snippet:-1, max-image-preview:large, max-video-preview:-1\" \/>\n<link rel=\"canonical\" href=\"https:\/\/www.lkr.si\/sl\/strojna-obdelava\/\" \/>\n<meta property=\"og:locale\" content=\"sl_SI\" \/>\n<meta property=\"og:type\" content=\"article\" \/>\n<meta property=\"og:title\" content=\"Strojna obdelava - LKR\" \/>\n<meta property=\"og:url\" content=\"https:\/\/www.lkr.si\/sl\/strojna-obdelava\/\" \/>\n<meta property=\"og:site_name\" content=\"LKR\" \/>\n<meta property=\"article:publisher\" content=\"https:\/\/www.facebook.com\/lkrslovenia\" \/>\n<meta property=\"article:modified_time\" content=\"2021-10-14T09:23:03+00:00\" \/>\n<meta name=\"twitter:card\" content=\"summary_large_image\" \/>\n<meta name=\"twitter:label1\" content=\"Est. reading time\" \/>\n\t<meta name=\"twitter:data1\" content=\"9 minut\" \/>\n<script type=\"application\/ld+json\" class=\"yoast-schema-graph\">{\"@context\":\"https:\/\/schema.org\",\"@graph\":[{\"@type\":\"WebPage\",\"@id\":\"https:\/\/www.lkr.si\/sl\/strojna-obdelava\/\",\"url\":\"https:\/\/www.lkr.si\/sl\/strojna-obdelava\/\",\"name\":\"Strojna obdelava - LKR\",\"isPartOf\":{\"@id\":\"https:\/\/www.lkr.si\/sl\/#website\"},\"datePublished\":\"2021-07-01T10:17:11+00:00\",\"dateModified\":\"2021-10-14T09:23:03+00:00\",\"breadcrumb\":{\"@id\":\"https:\/\/www.lkr.si\/sl\/strojna-obdelava\/#breadcrumb\"},\"inLanguage\":\"sl-SI\",\"potentialAction\":[{\"@type\":\"ReadAction\",\"target\":[\"https:\/\/www.lkr.si\/sl\/strojna-obdelava\/\"]}]},{\"@type\":\"BreadcrumbList\",\"@id\":\"https:\/\/www.lkr.si\/sl\/strojna-obdelava\/#breadcrumb\",\"itemListElement\":[{\"@type\":\"ListItem\",\"position\":1,\"name\":\"Home\",\"item\":\"https:\/\/www.lkr.si\/sl\/\"},{\"@type\":\"ListItem\",\"position\":2,\"name\":\"Strojna obdelava\"}]},{\"@type\":\"WebSite\",\"@id\":\"https:\/\/www.lkr.si\/sl\/#website\",\"url\":\"https:\/\/www.lkr.si\/sl\/\",\"name\":\"LKR\",\"description\":\"\",\"publisher\":{\"@id\":\"https:\/\/www.lkr.si\/sl\/#organization\"},\"potentialAction\":[{\"@type\":\"SearchAction\",\"target\":{\"@type\":\"EntryPoint\",\"urlTemplate\":\"https:\/\/www.lkr.si\/sl\/?s={search_term_string}\"},\"query-input\":\"required name=search_term_string\"}],\"inLanguage\":\"sl-SI\"},{\"@type\":\"Organization\",\"@id\":\"https:\/\/www.lkr.si\/sl\/#organization\",\"name\":\"LKR\",\"url\":\"https:\/\/www.lkr.si\/sl\/\",\"logo\":{\"@type\":\"ImageObject\",\"inLanguage\":\"sl-SI\",\"@id\":\"https:\/\/www.lkr.si\/sl\/#\/schema\/logo\/image\/\",\"url\":\"https:\/\/www.lkr.si\/wp-content\/uploads\/2021\/06\/samo_lkrblack.png\",\"contentUrl\":\"https:\/\/www.lkr.si\/wp-content\/uploads\/2021\/06\/samo_lkrblack.png\",\"width\":148,\"height\":62,\"caption\":\"LKR\"},\"image\":{\"@id\":\"https:\/\/www.lkr.si\/sl\/#\/schema\/logo\/image\/\"},\"sameAs\":[\"https:\/\/www.facebook.com\/lkrslovenia\"]}]}<\/script>\n<!-- \/ Yoast SEO plugin. -->","yoast_head_json":{"title":"Strojna obdelava - LKR","robots":{"index":"index","follow":"follow","max-snippet":"max-snippet:-1","max-image-preview":"max-image-preview:large","max-video-preview":"max-video-preview:-1"},"canonical":"https:\/\/www.lkr.si\/sl\/strojna-obdelava\/","og_locale":"sl_SI","og_type":"article","og_title":"Strojna obdelava - LKR","og_url":"https:\/\/www.lkr.si\/sl\/strojna-obdelava\/","og_site_name":"LKR","article_publisher":"https:\/\/www.facebook.com\/lkrslovenia","article_modified_time":"2021-10-14T09:23:03+00:00","twitter_card":"summary_large_image","twitter_misc":{"Est. reading time":"9 minut"},"schema":{"@context":"https:\/\/schema.org","@graph":[{"@type":"WebPage","@id":"https:\/\/www.lkr.si\/sl\/strojna-obdelava\/","url":"https:\/\/www.lkr.si\/sl\/strojna-obdelava\/","name":"Strojna obdelava - LKR","isPartOf":{"@id":"https:\/\/www.lkr.si\/sl\/#website"},"datePublished":"2021-07-01T10:17:11+00:00","dateModified":"2021-10-14T09:23:03+00:00","breadcrumb":{"@id":"https:\/\/www.lkr.si\/sl\/strojna-obdelava\/#breadcrumb"},"inLanguage":"sl-SI","potentialAction":[{"@type":"ReadAction","target":["https:\/\/www.lkr.si\/sl\/strojna-obdelava\/"]}]},{"@type":"BreadcrumbList","@id":"https:\/\/www.lkr.si\/sl\/strojna-obdelava\/#breadcrumb","itemListElement":[{"@type":"ListItem","position":1,"name":"Home","item":"https:\/\/www.lkr.si\/sl\/"},{"@type":"ListItem","position":2,"name":"Strojna obdelava"}]},{"@type":"WebSite","@id":"https:\/\/www.lkr.si\/sl\/#website","url":"https:\/\/www.lkr.si\/sl\/","name":"LKR","description":"","publisher":{"@id":"https:\/\/www.lkr.si\/sl\/#organization"},"potentialAction":[{"@type":"SearchAction","target":{"@type":"EntryPoint","urlTemplate":"https:\/\/www.lkr.si\/sl\/?s={search_term_string}"},"query-input":"required name=search_term_string"}],"inLanguage":"sl-SI"},{"@type":"Organization","@id":"https:\/\/www.lkr.si\/sl\/#organization","name":"LKR","url":"https:\/\/www.lkr.si\/sl\/","logo":{"@type":"ImageObject","inLanguage":"sl-SI","@id":"https:\/\/www.lkr.si\/sl\/#\/schema\/logo\/image\/","url":"https:\/\/www.lkr.si\/wp-content\/uploads\/2021\/06\/samo_lkrblack.png","contentUrl":"https:\/\/www.lkr.si\/wp-content\/uploads\/2021\/06\/samo_lkrblack.png","width":148,"height":62,"caption":"LKR"},"image":{"@id":"https:\/\/www.lkr.si\/sl\/#\/schema\/logo\/image\/"},"sameAs":["https:\/\/www.facebook.com\/lkrslovenia"]}]}},"_links":{"self":[{"href":"https:\/\/www.lkr.si\/sl\/wp-json\/wp\/v2\/pages\/4909"}],"collection":[{"href":"https:\/\/www.lkr.si\/sl\/wp-json\/wp\/v2\/pages"}],"about":[{"href":"https:\/\/www.lkr.si\/sl\/wp-json\/wp\/v2\/types\/page"}],"author":[{"embeddable":true,"href":"https:\/\/www.lkr.si\/sl\/wp-json\/wp\/v2\/users\/3"}],"replies":[{"embeddable":true,"href":"https:\/\/www.lkr.si\/sl\/wp-json\/wp\/v2\/comments?post=4909"}],"version-history":[{"count":2,"href":"https:\/\/www.lkr.si\/sl\/wp-json\/wp\/v2\/pages\/4909\/revisions"}],"predecessor-version":[{"id":4921,"href":"https:\/\/www.lkr.si\/sl\/wp-json\/wp\/v2\/pages\/4909\/revisions\/4921"}],"wp:attachment":[{"href":"https:\/\/www.lkr.si\/sl\/wp-json\/wp\/v2\/media?parent=4909"}],"curies":[{"name":"wp","href":"https:\/\/api.w.org\/{rel}","templated":true}]}}