{"id":4057,"date":"2020-10-26T12:19:05","date_gmt":"2020-10-26T12:19:05","guid":{"rendered":"https:\/\/www.lkr.si\/about-us\/"},"modified":"2025-03-26T08:24:06","modified_gmt":"2025-03-26T07:24:06","slug":"o-nas","status":"publish","type":"page","link":"https:\/\/www.lkr.si\/sl\/o-nas\/","title":{"rendered":"O nas"},"content":{"rendered":"<section id=\"bt_bb_section69f2e2bd44441\"  data-background_image_src=\"'https:\/\/www.lkr.si\/wp-content\/uploads\/2021\/08\/026.jpg'\" class=\"bt_bb_section bt_bb_top_spacing_extra_large bt_bb_bottom_spacing_large bt_bb_color_scheme_11 bt_bb_layout_boxed_1200 bt_bb_vertical_align_top btLazyLoadBackground bt_bb_background_image bt_bb_background_overlay_dark_solid bt-dark-skin\" style=\"background-image:url(&#039;https:\/\/www.lkr.si\/wp-content\/plugins\/bold-page-builder\/img\/blank.gif&#039;);\"><div class=\"bt_bb_port\"><div class=\"bt_bb_cell\"><div class=\"bt_bb_cell_inner\"><div class=\"bt_bb_row_wrapper\"><div  class=\"bt_bb_row\" ><div  class=\"bt_bb_column col-xl-6 bt_bb_vertical_align_top bt_bb_align_left bt_bb_padding_normal bt_bb_animation_fade_in bt_bb_animation_zoom_out animate\"  data-width=\"6\" data-bt-override-class=\"{}\"><div class=\"bt_bb_column_content\"><div class=\"bt_bb_column_content_inner\"><header class=\"bt_bb_headline bt_bb_dash_top bt_bb_size_large bt_bb_superheadline bt_bb_subheadline bt_bb_align_inherit\"><h1><span class=\"bt_bb_headline_superheadline\"><span>O LKR<\/span><\/span><span class=\"bt_bb_headline_content\"><span>Kdo smo?<span class=\"bt_bb_outline_text bt_bb_outline_text_align_left bt_bb_outline_text_size_400\"><span>About us<\/span><\/span><\/span><\/span><\/h1><div class=\"bt_bb_headline_subheadline\">LKR je slovensko podjetje, specializirano za proizvodnjo tehnolo\u0161ko zelo zahtevnih ulitkov. Strankam ponujamo popolno podporo od za\u010detka oblikovanja izdelka do kon\u010dne proizvodnje, majhno serijo izdelkov, prilagodljivost in kratke dobavne roke. Na\u0161a najve\u010dja prednost je, da so vsi izdelki iz enega vira.<\/div><\/header><div class=\"bt_bb_separator bt_bb_border_style_none bt_bb_bottom_spacing_60\" data-bt-override-class=\"null\"><\/div><\/div><\/div><\/div><div  class=\"bt_bb_column col-xl-6 bt_bb_vertical_align_top bt_bb_align_right bt_bb_padding_40 bt_bb_animation_fade_in bt_bb_animation_zoom_out animate\"  data-width=\"6\" data-bt-override-class=\"{}\"><div class=\"bt_bb_column_content\"><div class=\"bt_bb_column_content_inner\"><\/div><\/div><\/div><\/div><\/div><\/div><\/div><\/div><\/section><section id=\"bt_bb_section69f2e2bd44a54\"  class=\"bt_bb_section bt_bb_top_spacing_80 bt_bb_bottom_spacing_80 bt_bb_layout_wide bt_bb_vertical_align_top\" style=\"z-index: 1;;background-color:rgb(255,255,255);\"><div class=\"bt_bb_port\"><div class=\"bt_bb_cell\"><div class=\"bt_bb_cell_inner\"><div class=\"bt_bb_row_wrapper bt_bb_row_push_left bt_bb_content_wide bt_bb_row_width_boxed_1200\"><div  class=\"bt_bb_row bt_bb_column_gap_0\" ><div  class=\"bt_bb_column col-xl-6 bt_bb_vertical_align_middle bt_bb_align_right bt_bb_padding_normal bt_bb_animation_fade_in bt_bb_animation_zoom_out animate\"  data-width=\"6\" data-bt-override-class=\"{&quot;bt_bb_align_&quot;:{&quot;current_class&quot;:&quot;bt_bb_align_right&quot;,&quot;xl&quot;:&quot;right&quot;}}\"><div class=\"bt_bb_column_content\"><div class=\"bt_bb_column_content_inner\"><div class=\"bt_bb_slider bt_bb_height_auto bt_bb_show_dots_bottom bt_bb_animation_fade animate bt_bb_overflow_no bt_bb_thick_line_accent bt_bb_active_dot_accent bt_bb_inactive_dot_light_font bt_bb_slider_arrows_dark_font_light_bg bt_bb_arrows_size_small\" style=\"max-width: 750px; margin-left: auto;\"><div class=\"slick-slider fade\"  data-slick='{ \"lazyLoad\": \"progressive\", \"cssEase\": \"ease-out\", \"speed\": \"300\", \"fade\": true, \"adaptiveHeight\": true, \"dots\": true, \"prevArrow\": \"&lt;button type=\\\"button\\\" class=\\\"slick-prev\\\"&gt;\", \"nextArrow\": \"&lt;button type=\\\"button\\\" class=\\\"slick-next\\\"&gt;\", \"autoplay\": true, \"autoplaySpeed\": 2000}' ><div class=\"bt_bb_slider_item\" data-src-full=\"https:\/\/www.lkr.si\/wp-content\/uploads\/2021\/09\/delavec.jpg\"><img src=\"https:\/\/www.lkr.si\/wp-content\/uploads\/2021\/09\/delavec-1280x732.jpg\" alt=\"delavec\"  title=\"delavec\"><\/div><div class=\"bt_bb_slider_item\" data-src-full=\"https:\/\/www.lkr.si\/wp-content\/uploads\/2021\/09\/produkt1.jpg\"><img src=\"https:\/\/www.lkr.si\/wp-content\/uploads\/2021\/09\/produkt1-1280x732.jpg\" alt=\"produkt1\"  title=\"produkt1\"><\/div><div class=\"bt_bb_slider_item\" data-src-full=\"https:\/\/www.lkr.si\/wp-content\/uploads\/2021\/09\/produkt2.jpg\"><img src=\"https:\/\/www.lkr.si\/wp-content\/uploads\/2021\/09\/produkt2-1280x732.jpg\" alt=\"produkt2\"  title=\"produkt2\"><\/div><\/div><\/div><\/div><\/div><\/div><div  class=\"bt_bb_column col-xl-6 bt_bb_vertical_align_top bt_bb_align_left bt_bb_padding_80 bt_bb_animation_fade_in bt_bb_animation_zoom_out animate\" style=\"background-color:rgba(255, 255, 255, 1);\" data-width=\"6\" data-bt-override-class=\"{}\"><div class=\"bt_bb_column_content\"><div class=\"bt_bb_column_content_inner\"><div class=\"bt_bb_separator bt_bb_border_style_none bt_bb_bottom_spacing_60\" data-bt-override-class=\"null\"><\/div><header class=\"bt_bb_headline bt_bb_dash_top bt_bb_size_large bt_bb_superheadline bt_bb_align_inherit\"><div class=\"bt_bb_headline_superheadline_outside\"><span class=\"bt_bb_headline_superheadline\"><span>Dru\u017einsko podjetje<\/span><\/span><\/div><h4><span class=\"bt_bb_headline_content\"><span>LKR<\/span><\/span><\/h4><\/header><div class=\"bt_bb_separator bt_bb_border_style_none bt_bb_bottom_spacing_20\" data-bt-override-class=\"null\"><\/div><div  class=\"bt_bb_text\" ><p>LKR je slovensko dru\u017einsko podjetje, specializirano za tehnolo\u0161ko dovr\u0161ene izdelke za posebno litje.<\/p>\n<p>Bogato metalur\u0161ko znanje, vrhunska oprema in bogate izku\u0161nje omogo\u010dajo najvi\u0161jo kakovost geometrijsko zelo zahtevnih izdelkov.<\/p>\n<p>Glavni moto podjetja je izpolnjevanje zahtev strank ter zagotavljanje konkuren\u010dne kakovosti in zanesljive dostave.<\/p>\n<\/div><div class=\"bt_bb_separator bt_bb_border_style_none bt_bb_bottom_spacing_25\" data-bt-override-class=\"null\"><\/div><div  class=\"bt_bb_text\" ><p><strong>Ivan Oto<\/strong><\/p>\n<p>Vodja proizvodnje<\/p>\n<\/div><div class=\"bt_bb_separator bt_bb_border_style_none bt_bb_bottom_spacing_25\" data-bt-override-class=\"null\"><\/div><\/div><\/div><\/div><\/div><\/div><\/div><\/div><\/div><\/section><section id=\"bt_bb_section69f2e2bd46109\"  class=\"bt_bb_section bt_bb_top_spacing_100 bt_bb_bottom_spacing_100 bt_bb_layout_boxed_1200 bt_bb_vertical_align_top\" style=\";background-color:rgb(247,247,247);\"><div class=\"bt_bb_port\"><div class=\"bt_bb_cell\"><div class=\"bt_bb_cell_inner\"><div class=\"bt_bb_row_wrapper\"><div  class=\"bt_bb_row bt_bb_hidden_xs bt_bb_hidden_ms bt_bb_hidden_sm bt_bb_hidden_md bt_bb_hidden_lg\" ><div  class=\"bt_bb_column col-xl-6 bt_bb_vertical_align_top bt_bb_align_left bt_bb_padding_normal bt_bb_animation_fade_in animate\"  data-width=\"6\" data-bt-override-class=\"{}\"><div class=\"bt_bb_column_content\"><div class=\"bt_bb_column_content_inner\"><div class=\"bt_bb_separator bt_bb_border_style_none bt_bb_bottom_spacing_80\" data-bt-override-class=\"null\"><\/div><header class=\"bt_bb_headline bt_bb_dash_top bt_bb_size_medium bt_bb_align_inherit\"><h3><span class=\"bt_bb_headline_content\"><span>Na\u0161a ekipa<span class=\"bt_bb_outline_text bt_bb_outline_text_align_center bt_bb_outline_text_size_400\"><span>LKR<\/span><\/span><\/span><\/span><\/h3><\/header><div class=\"bt_bb_separator bt_bb_border_style_none bt_bb_bottom_spacing_40\" data-bt-override-class=\"null\"><\/div><\/div><\/div><\/div><div  class=\"bt_bb_column col-xl-6 bt_bb_vertical_align_top bt_bb_align_left bt_bb_padding_normal\"  data-width=\"6\" data-bt-override-class=\"{}\"><div class=\"bt_bb_column_content\"><div class=\"bt_bb_column_content_inner\"><\/div><\/div><\/div><\/div><\/div><div class=\"bt_bb_row_wrapper\"><div  class=\"bt_bb_row bt_bb_column_gap_10 bt_bb_hidden_xs bt_bb_hidden_ms bt_bb_hidden_sm bt_bb_hidden_md bt_bb_hidden_lg\" ><div  class=\"bt_bb_column col-xl-3 col-xs-12 col-sm-6 col-md-6 col-lg-3 bt_bb_vertical_align_top bt_bb_align_left bt_bb_padding_normal bt_bb_animation_fade_in bt_bb_animation_zoom_out animate\"  data-width=\"3\" data-bt-override-class=\"{}\"><div class=\"bt_bb_column_content\"><div class=\"bt_bb_column_content_inner\"><div class=\"bt_bb_separator bt_bb_border_style_none bt_bb_bottom_spacing_40 bt_bb_hidden_md bt_bb_hidden_lg\" data-bt-override-class=\"null\"><\/div><div class=\"bt_bb_image bt_bb_shape_square bt_bb_align_inherit bt_bb_hover_style_zoom-in bt_bb_content_display_always bt_bb_content_align_bottom bt_bb_remove_padding_yes bt_bb_fill_background_color_full\"><a href=\"#\"  target=\"_self\" title=\"Ivan Oto\"><img src = \"https:\/\/www.lkr.si\/wp-content\/plugins\/bold-page-builder\/img\/blank.gif\" data-full_image_src=\"https:\/\/www.lkr.si\/wp-content\/uploads\/2021\/08\/face-02.png\" data-image_src=\"https:\/\/www.lkr.si\/wp-content\/uploads\/2021\/08\/face-02.png\" title=\"Ivan Oto\" alt=\"Ivan Oto\" class=\"btLazyLoadImage\"><\/a><\/div><div class=\"bt_bb_separator bt_bb_border_style_none bt_bb_bottom_spacing_20\" data-bt-override-class=\"null\"><\/div><header class=\"bt_bb_headline bt_bb_dash_none bt_bb_size_normal bt_bb_superheadline bt_bb_subheadline bt_bb_align_inherit\"><h5><span class=\"bt_bb_headline_superheadline\"><span>Direktor<\/span><\/span><span class=\"bt_bb_headline_content\"><span>Ivan Oto<\/span><\/span><\/h5><div class=\"bt_bb_headline_subheadline\"><br \/>\r\n<\/div><\/header><div  class=\"bt_bb_text\" ><p><strong>email:<\/strong> <a href=\"mailto:ivan.oto@lkr.si\">ivan.oto@lkr.si<\/a><\/p>\n<p><strong>tel:<\/strong> <a href=\"tel:+368 28 706 684\">00386 2870 6684<\/a><\/p>\n<\/div><div class=\"bt_bb_separator bt_bb_border_style_none bt_bb_bottom_spacing_20\" data-bt-override-class=\"null\"><\/div><div class=\"bt_bb_separator bt_bb_border_style_none bt_bb_bottom_spacing_40 bt_bb_hidden_md bt_bb_hidden_lg\" data-bt-override-class=\"null\"><\/div><div class=\"bt_bb_separator bt_bb_border_style_none bt_bb_top_spacing_40\" data-bt-override-class=\"null\"><\/div><\/div><\/div><\/div><div  class=\"bt_bb_column col-xl-3 col-xs-12 col-sm-6 col-md-6 col-lg-3 bt_bb_vertical_align_top bt_bb_align_left bt_bb_padding_normal bt_bb_animation_fade_in bt_bb_animation_zoom_out animate\"  data-width=\"3\" data-bt-override-class=\"{}\"><div class=\"bt_bb_column_content\"><div class=\"bt_bb_column_content_inner\"><div class=\"bt_bb_image bt_bb_shape_square bt_bb_align_inherit bt_bb_hover_style_zoom-in bt_bb_content_display_always bt_bb_content_align_bottom bt_bb_remove_padding_yes bt_bb_fill_background_color_full\"><a href=\"#\"  target=\"_self\" title=\"Rok Oto\"><img src = \"https:\/\/www.lkr.si\/wp-content\/plugins\/bold-page-builder\/img\/blank.gif\" data-full_image_src=\"https:\/\/www.lkr.si\/wp-content\/uploads\/2021\/08\/face-02.png\" data-image_src=\"https:\/\/www.lkr.si\/wp-content\/uploads\/2021\/08\/face-02.png\" title=\"Rok Oto\" alt=\"Rok Oto\" class=\"btLazyLoadImage\"><\/a><\/div><div class=\"bt_bb_separator bt_bb_border_style_none bt_bb_bottom_spacing_20\" data-bt-override-class=\"null\"><\/div><header class=\"bt_bb_headline bt_bb_dash_none bt_bb_size_normal bt_bb_superheadline bt_bb_subheadline bt_bb_align_inherit\"><h5><span class=\"bt_bb_headline_superheadline\"><span>Vodja proizvodnje<\/span><\/span><span class=\"bt_bb_headline_content\"><span>Rok Oto<\/span><\/span><\/h5><div class=\"bt_bb_headline_subheadline\"><br \/>\r\n<\/div><\/header><div  class=\"bt_bb_text\" ><p><strong>email: <\/strong><a href=\"mailto:rok.oto@lkr.si\">rok.oto@lkr.si<\/a><\/p>\n<p><strong>tel:<\/strong> <a href=\"tel:+386 28 706 684\">00386 2870 6684<\/a><\/p>\n<p><strong>gsm: <\/strong><a href=\"tel:+386 31 360 852\">00386 31 360 852<\/a><\/p>\n<\/div><div class=\"bt_bb_separator bt_bb_border_style_none bt_bb_bottom_spacing_20\" data-bt-override-class=\"null\"><\/div><div class=\"bt_bb_separator bt_bb_border_style_none bt_bb_bottom_spacing_40 bt_bb_hidden_md bt_bb_hidden_lg\" data-bt-override-class=\"null\"><\/div><\/div><\/div><\/div><div  class=\"bt_bb_column col-xl-3 col-xs-12 col-sm-6 col-md-6 col-lg-3 bt_bb_vertical_align_top bt_bb_align_left bt_bb_padding_normal bt_bb_animation_fade_in bt_bb_animation_zoom_out animate\"  data-width=\"3\" data-bt-override-class=\"{}\"><div class=\"bt_bb_column_content\"><div class=\"bt_bb_column_content_inner\"><div class=\"bt_bb_image bt_bb_shape_square bt_bb_align_inherit bt_bb_hover_style_zoom-in bt_bb_content_display_always bt_bb_content_align_bottom bt_bb_remove_padding_yes bt_bb_fill_background_color_full\"><a href=\"#\"  target=\"_self\" title=\"Jernej Tur\u0161\u010dak\"><img src = \"https:\/\/www.lkr.si\/wp-content\/plugins\/bold-page-builder\/img\/blank.gif\" data-full_image_src=\"https:\/\/www.lkr.si\/wp-content\/uploads\/2021\/08\/face-02.png\" data-image_src=\"https:\/\/www.lkr.si\/wp-content\/uploads\/2021\/08\/face-02.png\" title=\"Jernej Tur\u0161\u010dak\" alt=\"Jernej Tur\u0161\u010dak\" class=\"btLazyLoadImage\"><\/a><\/div><div class=\"bt_bb_separator bt_bb_border_style_none bt_bb_bottom_spacing_20\" data-bt-override-class=\"null\"><\/div><header class=\"bt_bb_headline bt_bb_dash_none bt_bb_size_normal bt_bb_superheadline bt_bb_subheadline bt_bb_align_inherit\"><h5><span class=\"bt_bb_headline_superheadline\"><span>Tehni\u010dni direktor<\/span><\/span><span class=\"bt_bb_headline_content\"><span>Jernej Tur\u0161\u010dak<\/span><\/span><\/h5><div class=\"bt_bb_headline_subheadline\"><br \/>\r\n<\/div><\/header><div  class=\"bt_bb_text\" ><p><strong>email: <\/strong><a href=\"mailto:jernej.turscak@lkr.si\">jernej.turscak@lkr.si<\/a><\/p>\n<p><strong>tel:<\/strong> <a href=\"tel:+386 28 706 423\">00386 2870 6423<\/a><\/p>\n<p><strong>gsm: <\/strong><a href=\"tel:+386 41 569 378\">00386 31 360 852<\/a><\/p>\n<\/div><div class=\"bt_bb_separator bt_bb_border_style_none bt_bb_bottom_spacing_20\" data-bt-override-class=\"null\"><\/div><\/div><\/div><\/div><div  class=\"bt_bb_column col-xl-3 col-xs-12 col-sm-6 col-md-6 col-lg-3 bt_bb_vertical_align_top bt_bb_align_left bt_bb_padding_normal bt_bb_animation_fade_in bt_bb_animation_zoom_out animate\"  data-width=\"3\" data-bt-override-class=\"{}\"><div class=\"bt_bb_column_content\"><div class=\"bt_bb_column_content_inner\"><div class=\"bt_bb_image bt_bb_shape_square bt_bb_align_inherit bt_bb_hover_style_zoom-in bt_bb_content_display_always bt_bb_content_align_bottom bt_bb_remove_padding_yes bt_bb_fill_background_color_full\"><a href=\"#\"  target=\"_self\" title=\"Natalija Petri\u010d\"><img src = \"https:\/\/www.lkr.si\/wp-content\/plugins\/bold-page-builder\/img\/blank.gif\" data-full_image_src=\"https:\/\/www.lkr.si\/wp-content\/uploads\/2021\/08\/face-01.png\" data-image_src=\"https:\/\/www.lkr.si\/wp-content\/uploads\/2021\/08\/face-01.png\" title=\"Natalija Petri\u010d\" alt=\"Natalija Petri\u010d\" class=\"btLazyLoadImage\"><\/a><\/div><div class=\"bt_bb_separator bt_bb_border_style_none bt_bb_bottom_spacing_20\" data-bt-override-class=\"null\"><\/div><header class=\"bt_bb_headline bt_bb_dash_none bt_bb_size_normal bt_bb_superheadline bt_bb_align_inherit\"><h5><span class=\"bt_bb_headline_superheadline\"><span>Vodja uprave<\/span><\/span><span class=\"bt_bb_headline_content\"><span>Natalija Petri\u010d<\/span><\/span><\/h5><\/header><div  class=\"bt_bb_text\" ><p><strong>email: <\/strong><a href=\"mailto:jernej.turscak@lkr.si\">jernej.turscak@lkr.si<\/a><\/p>\n<p><strong>tel:<\/strong> <a href=\"tel:+386 28 706 423\">00386 2870 6423<\/a><\/p>\n<p><strong>gsm: <\/strong><a href=\"tel:+386 41 569 378\">00386 31 360 852<\/a><\/p>\n<\/div><div class=\"bt_bb_separator bt_bb_border_style_none bt_bb_bottom_spacing_20\" data-bt-override-class=\"null\"><\/div><\/div><\/div><\/div><\/div><\/div><\/div><\/div><\/div><\/section><section id=\"bt_bb_section69f2e2bd4830e\"  data-background_image_src=\"'https:\/\/www.lkr.si\/wp-content\/uploads\/2020\/10\/post_09.jpg'\" class=\"bt_bb_section bt_bb_top_spacing_100 bt_bb_bottom_spacing_100 bt_bb_color_scheme_1 bt_bb_layout_boxed_1500 bt_bb_vertical_align_top btLazyLoadBackground bt_bb_background_image bt_bb_background_overlay_dark_solid\" style=\"background-image:url(&#039;https:\/\/www.lkr.si\/wp-content\/plugins\/bold-page-builder\/img\/blank.gif&#039;);\"><div class=\"bt_bb_port\"><div class=\"bt_bb_cell\"><div class=\"bt_bb_cell_inner\"><div class=\"bt_bb_row_wrapper\"><div  class=\"bt_bb_row\" ><div  class=\"bt_bb_column col-xl-2 bt_bb_vertical_align_top bt_bb_align_left bt_bb_padding_normal\"  data-width=\"2\" data-bt-override-class=\"{}\"><div class=\"bt_bb_column_content\"><div class=\"bt_bb_column_content_inner\"><\/div><\/div><\/div><div  class=\"bt_bb_column col-xl-8 bt_bb_vertical_align_top bt_bb_align_center bt_bb_padding_normal bt_bb_animation_fade_in bt_bb_animation_zoom_out animate\"  data-width=\"8\" data-bt-override-class=\"{}\"><div class=\"bt_bb_column_content\"><div class=\"bt_bb_column_content_inner\"><div class=\"bt_bb_separator bt_bb_border_style_none bt_bb_bottom_spacing_100 bt_bb_hidden_xs bt_bb_hidden_ms bt_bb_hidden_sm\" data-bt-override-class=\"null\"><\/div><header class=\"bt_bb_headline bt_bb_dash_top bt_bb_size_medium bt_bb_superheadline bt_bb_align_inherit\"><div class=\"bt_bb_headline_superheadline_outside\"><span class=\"bt_bb_headline_superheadline\"><span>LKR<\/span><\/span><\/div><h3><span class=\"bt_bb_headline_content\"><span>Ne oklevajte in nas kontaktirajte<\/span><\/span><\/h3><\/header><div class=\"bt_bb_separator bt_bb_border_style_none bt_bb_bottom_spacing_60\" data-bt-override-class=\"null\"><\/div><div class=\"bt_bb_button bt_bb_color_scheme_6 bt_bb_icon_position_left bt_bb_style_filled bt_bb_size_normal bt_bb_width_inline bt_bb_shape_inherit bt_bb_target_self bt_bb_align_inherit\" style=\"; --primary-color:#ffffff; --secondary-color:#ff7700;\" data-bt-override-class=\"{&quot;bt_bb_size_&quot;:{&quot;current_class&quot;:&quot;bt_bb_size_normal&quot;,&quot;xl&quot;:&quot;normal&quot;},&quot;bt_bb_align_&quot;:{&quot;current_class&quot;:&quot;bt_bb_align_inherit&quot;,&quot;xl&quot;:&quot;inherit&quot;}}\"><a href=\"https:\/\/www.lkr.si\/sl\/o-nas\/kontakt\/#contact\" target=\"_self\" class=\"bt_bb_link\" title=\"Kontaktiraj nas\"><span class=\"bt_bb_button_text\" >Kontaktiraj nas<\/span><\/a><\/div><\/div><\/div><\/div><div  class=\"bt_bb_column col-xl-2 bt_bb_vertical_align_top bt_bb_align_left bt_bb_padding_normal\"  data-width=\"2\" data-bt-override-class=\"{}\"><div class=\"bt_bb_column_content\"><div class=\"bt_bb_column_content_inner\"><\/div><\/div><\/div><\/div><\/div><\/div><\/div><\/div><\/section>","protected":false},"excerpt":{"rendered":"<p>Interactively procrastinate high-payoff content without backward-compatible data. Quickly cultivate optimal processes and tactical architectures. Completely iterate covalent strategic theme areas via accurate e-markets.<\/p>\n","protected":false},"author":4,"featured_media":4058,"parent":0,"menu_order":0,"comment_status":"closed","ping_status":"closed","template":"","meta":{"content-type":""},"yoast_head":"<!-- This site is optimized with the Yoast SEO plugin v21.0 - https:\/\/yoast.com\/wordpress\/plugins\/seo\/ -->\n<title>O nas - LKR<\/title>\n<meta name=\"robots\" content=\"index, follow, max-snippet:-1, max-image-preview:large, max-video-preview:-1\" \/>\n<link rel=\"canonical\" href=\"https:\/\/www.lkr.si\/sl\/o-nas\/\" \/>\n<meta property=\"og:locale\" content=\"sl_SI\" \/>\n<meta property=\"og:type\" content=\"article\" \/>\n<meta property=\"og:title\" content=\"O nas - LKR\" \/>\n<meta property=\"og:description\" content=\"Interactively procrastinate high-payoff content without backward-compatible data. Quickly cultivate optimal processes and tactical architectures. Completely iterate covalent strategic theme areas via accurate e-markets.\" \/>\n<meta property=\"og:url\" content=\"https:\/\/www.lkr.si\/sl\/o-nas\/\" \/>\n<meta property=\"og:site_name\" content=\"LKR\" \/>\n<meta property=\"article:publisher\" content=\"https:\/\/www.facebook.com\/lkrslovenia\" \/>\n<meta property=\"article:modified_time\" content=\"2025-03-26T07:24:06+00:00\" \/>\n<meta property=\"og:image\" content=\"https:\/\/www.lkr.si\/wp-content\/uploads\/2020\/10\/post_27.jpg\" \/>\n\t<meta property=\"og:image:width\" content=\"2500\" \/>\n\t<meta property=\"og:image:height\" content=\"1667\" \/>\n\t<meta property=\"og:image:type\" content=\"image\/jpeg\" \/>\n<meta name=\"twitter:card\" content=\"summary_large_image\" \/>\n<meta name=\"twitter:label1\" content=\"Est. reading time\" \/>\n\t<meta name=\"twitter:data1\" content=\"6 minut\" \/>\n<script type=\"application\/ld+json\" class=\"yoast-schema-graph\">{\"@context\":\"https:\/\/schema.org\",\"@graph\":[{\"@type\":\"WebPage\",\"@id\":\"https:\/\/www.lkr.si\/sl\/o-nas\/\",\"url\":\"https:\/\/www.lkr.si\/sl\/o-nas\/\",\"name\":\"O nas - LKR\",\"isPartOf\":{\"@id\":\"https:\/\/www.lkr.si\/sl\/#website\"},\"datePublished\":\"2020-10-26T12:19:05+00:00\",\"dateModified\":\"2025-03-26T07:24:06+00:00\",\"breadcrumb\":{\"@id\":\"https:\/\/www.lkr.si\/sl\/o-nas\/#breadcrumb\"},\"inLanguage\":\"sl-SI\",\"potentialAction\":[{\"@type\":\"ReadAction\",\"target\":[\"https:\/\/www.lkr.si\/sl\/o-nas\/\"]}]},{\"@type\":\"BreadcrumbList\",\"@id\":\"https:\/\/www.lkr.si\/sl\/o-nas\/#breadcrumb\",\"itemListElement\":[{\"@type\":\"ListItem\",\"position\":1,\"name\":\"Home\",\"item\":\"https:\/\/www.lkr.si\/sl\/\"},{\"@type\":\"ListItem\",\"position\":2,\"name\":\"O nas\"}]},{\"@type\":\"WebSite\",\"@id\":\"https:\/\/www.lkr.si\/sl\/#website\",\"url\":\"https:\/\/www.lkr.si\/sl\/\",\"name\":\"LKR\",\"description\":\"\",\"publisher\":{\"@id\":\"https:\/\/www.lkr.si\/sl\/#organization\"},\"potentialAction\":[{\"@type\":\"SearchAction\",\"target\":{\"@type\":\"EntryPoint\",\"urlTemplate\":\"https:\/\/www.lkr.si\/sl\/?s={search_term_string}\"},\"query-input\":\"required name=search_term_string\"}],\"inLanguage\":\"sl-SI\"},{\"@type\":\"Organization\",\"@id\":\"https:\/\/www.lkr.si\/sl\/#organization\",\"name\":\"LKR\",\"url\":\"https:\/\/www.lkr.si\/sl\/\",\"logo\":{\"@type\":\"ImageObject\",\"inLanguage\":\"sl-SI\",\"@id\":\"https:\/\/www.lkr.si\/sl\/#\/schema\/logo\/image\/\",\"url\":\"https:\/\/www.lkr.si\/wp-content\/uploads\/2021\/06\/samo_lkrblack.png\",\"contentUrl\":\"https:\/\/www.lkr.si\/wp-content\/uploads\/2021\/06\/samo_lkrblack.png\",\"width\":148,\"height\":62,\"caption\":\"LKR\"},\"image\":{\"@id\":\"https:\/\/www.lkr.si\/sl\/#\/schema\/logo\/image\/\"},\"sameAs\":[\"https:\/\/www.facebook.com\/lkrslovenia\"]}]}<\/script>\n<!-- \/ Yoast SEO plugin. -->","yoast_head_json":{"title":"O nas - LKR","robots":{"index":"index","follow":"follow","max-snippet":"max-snippet:-1","max-image-preview":"max-image-preview:large","max-video-preview":"max-video-preview:-1"},"canonical":"https:\/\/www.lkr.si\/sl\/o-nas\/","og_locale":"sl_SI","og_type":"article","og_title":"O nas - LKR","og_description":"Interactively procrastinate high-payoff content without backward-compatible data. Quickly cultivate optimal processes and tactical architectures. Completely iterate covalent strategic theme areas via accurate e-markets.","og_url":"https:\/\/www.lkr.si\/sl\/o-nas\/","og_site_name":"LKR","article_publisher":"https:\/\/www.facebook.com\/lkrslovenia","article_modified_time":"2025-03-26T07:24:06+00:00","og_image":[{"width":2500,"height":1667,"url":"https:\/\/www.lkr.si\/wp-content\/uploads\/2020\/10\/post_27.jpg","type":"image\/jpeg"}],"twitter_card":"summary_large_image","twitter_misc":{"Est. reading time":"6 minut"},"schema":{"@context":"https:\/\/schema.org","@graph":[{"@type":"WebPage","@id":"https:\/\/www.lkr.si\/sl\/o-nas\/","url":"https:\/\/www.lkr.si\/sl\/o-nas\/","name":"O nas - LKR","isPartOf":{"@id":"https:\/\/www.lkr.si\/sl\/#website"},"datePublished":"2020-10-26T12:19:05+00:00","dateModified":"2025-03-26T07:24:06+00:00","breadcrumb":{"@id":"https:\/\/www.lkr.si\/sl\/o-nas\/#breadcrumb"},"inLanguage":"sl-SI","potentialAction":[{"@type":"ReadAction","target":["https:\/\/www.lkr.si\/sl\/o-nas\/"]}]},{"@type":"BreadcrumbList","@id":"https:\/\/www.lkr.si\/sl\/o-nas\/#breadcrumb","itemListElement":[{"@type":"ListItem","position":1,"name":"Home","item":"https:\/\/www.lkr.si\/sl\/"},{"@type":"ListItem","position":2,"name":"O nas"}]},{"@type":"WebSite","@id":"https:\/\/www.lkr.si\/sl\/#website","url":"https:\/\/www.lkr.si\/sl\/","name":"LKR","description":"","publisher":{"@id":"https:\/\/www.lkr.si\/sl\/#organization"},"potentialAction":[{"@type":"SearchAction","target":{"@type":"EntryPoint","urlTemplate":"https:\/\/www.lkr.si\/sl\/?s={search_term_string}"},"query-input":"required name=search_term_string"}],"inLanguage":"sl-SI"},{"@type":"Organization","@id":"https:\/\/www.lkr.si\/sl\/#organization","name":"LKR","url":"https:\/\/www.lkr.si\/sl\/","logo":{"@type":"ImageObject","inLanguage":"sl-SI","@id":"https:\/\/www.lkr.si\/sl\/#\/schema\/logo\/image\/","url":"https:\/\/www.lkr.si\/wp-content\/uploads\/2021\/06\/samo_lkrblack.png","contentUrl":"https:\/\/www.lkr.si\/wp-content\/uploads\/2021\/06\/samo_lkrblack.png","width":148,"height":62,"caption":"LKR"},"image":{"@id":"https:\/\/www.lkr.si\/sl\/#\/schema\/logo\/image\/"},"sameAs":["https:\/\/www.facebook.com\/lkrslovenia"]}]}},"_links":{"self":[{"href":"https:\/\/www.lkr.si\/sl\/wp-json\/wp\/v2\/pages\/4057"}],"collection":[{"href":"https:\/\/www.lkr.si\/sl\/wp-json\/wp\/v2\/pages"}],"about":[{"href":"https:\/\/www.lkr.si\/sl\/wp-json\/wp\/v2\/types\/page"}],"author":[{"embeddable":true,"href":"https:\/\/www.lkr.si\/sl\/wp-json\/wp\/v2\/users\/4"}],"replies":[{"embeddable":true,"href":"https:\/\/www.lkr.si\/sl\/wp-json\/wp\/v2\/comments?post=4057"}],"version-history":[{"count":42,"href":"https:\/\/www.lkr.si\/sl\/wp-json\/wp\/v2\/pages\/4057\/revisions"}],"predecessor-version":[{"id":12412,"href":"https:\/\/www.lkr.si\/sl\/wp-json\/wp\/v2\/pages\/4057\/revisions\/12412"}],"wp:featuredmedia":[{"embeddable":true,"href":"https:\/\/www.lkr.si\/sl\/wp-json\/wp\/v2\/media\/4058"}],"wp:attachment":[{"href":"https:\/\/www.lkr.si\/sl\/wp-json\/wp\/v2\/media?parent=4057"}],"curies":[{"name":"wp","href":"https:\/\/api.w.org\/{rel}","templated":true}]}}