{"id":2279,"date":"2020-10-26T12:23:18","date_gmt":"2020-10-26T12:23:18","guid":{"rendered":"https:\/\/www.lkr.si\/products\/"},"modified":"2021-10-18T07:38:11","modified_gmt":"2021-10-18T06:38:11","slug":"izdelki","status":"publish","type":"page","link":"https:\/\/www.lkr.si\/sl\/izdelki\/","title":{"rendered":"Izdelki"},"content":{"rendered":"<section id=\"bt_bb_section69e8e10caae0c\"  data-background_image_src=\"'https:\/\/www.lkr.si\/wp-content\/uploads\/2021\/08\/our-products-02.jpg'\" class=\"bt_bb_section bt_bb_top_spacing_extra_large bt_bb_bottom_spacing_large bt_bb_color_scheme_11 bt_bb_layout_boxed_1200 bt_bb_vertical_align_top btLazyLoadBackground bt_bb_background_image bt_bb_background_overlay_dark_solid bt-dark-skin\" style=\"background-image:url(&#039;https:\/\/www.lkr.si\/wp-content\/plugins\/bold-page-builder\/img\/blank.gif&#039;);\"><div class=\"bt_bb_port\"><div class=\"bt_bb_cell\"><div class=\"bt_bb_cell_inner\"><div class=\"bt_bb_row_wrapper\"><div  class=\"bt_bb_row\" ><div  class=\"bt_bb_column col-xl-6 bt_bb_vertical_align_top bt_bb_align_left bt_bb_padding_normal bt_bb_animation_fade_in bt_bb_animation_zoom_out animate\"  data-width=\"6\" data-bt-override-class=\"{}\"><div class=\"bt_bb_column_content\"><div class=\"bt_bb_column_content_inner\"><header class=\"bt_bb_headline bt_bb_dash_top bt_bb_size_extralarge bt_bb_superheadline bt_bb_subheadline bt_bb_align_inherit\"><h1><span class=\"bt_bb_headline_superheadline\"><span>Izdelki visoke kakovosti<\/span><\/span><span class=\"bt_bb_headline_content\"><span>Na\u0161i produkti<br \/>\r\n<span class=\"bt_bb_outline_text bt_bb_outline_text_align_left bt_bb_outline_text_size_300\"><span>Produkti<\/span><\/span><\/span><\/span><\/h1><div class=\"bt_bb_headline_subheadline\">Bogato metalur\u0161ko znanje, vrhunska oprema in bogate izku\u0161nje omogo\u010dajo proizvodnjo geometrijsko zelo zahtevnih izdelkov visoke kakovosti.<\/div><\/header><div class=\"bt_bb_separator bt_bb_border_style_none bt_bb_bottom_spacing_60\" data-bt-override-class=\"null\"><\/div><\/div><\/div><\/div><div  class=\"bt_bb_column col-xl-6 bt_bb_vertical_align_top bt_bb_align_right bt_bb_padding_40 bt_bb_animation_fade_in bt_bb_animation_zoom_out animate\"  data-width=\"6\" data-bt-override-class=\"{}\"><div class=\"bt_bb_column_content\"><div class=\"bt_bb_column_content_inner\"><\/div><\/div><\/div><\/div><\/div><\/div><\/div><\/div><\/section><section id=\"bt_bb_section69e8e10cab2e9\"  class=\"bt_bb_section bt_bb_top_spacing_medium bt_bb_bottom_spacing_large bt_bb_layout_boxed_1200 bt_bb_vertical_align_top\" style=\";background-color:rgb(255,255,255);\"><div class=\"bt_bb_port\"><div class=\"bt_bb_cell\"><div class=\"bt_bb_cell_inner\"><div class=\"bt_bb_row_wrapper\"><div  class=\"bt_bb_row\" ><div  class=\"bt_bb_column col-xl-12 bt_bb_vertical_align_top bt_bb_align_left bt_bb_padding_normal\"  data-width=\"12\" data-bt-override-class=\"{}\"><div class=\"bt_bb_column_content\"><div class=\"bt_bb_column_content_inner\"><div class=\"bt_bb_masonry_portfolio_grid bt_bb_grid_container bt_bb_columns_3 bt_bb_gap_normal bt_bb_date_design_triangle\" data-columns=\"3\"><div class=\"bt_bb_post_grid_filter\"><span class=\"bt_bb_masonry_portfolio_grid_filter_item bt_bb_post_grid_filter_item active\" data-category-portfolio=\"\" data-post-type=\"portfolio\">All<\/span><\/div><div class=\"bt_bb_post_grid_loader\"><span class=\"box1\"><\/span><span class=\"box2\"><\/span><span class=\"box3\"><\/span><span class=\"box4\"><\/span><span class=\"box5\"><\/span><\/div><div class=\"bt_bb_masonry_portfolio_grid_content bt_bb_grid_hide\" data-bt-nonce=\"a8b6b07783\" data-number-portfolio=\"1000\" data-category-portfolio=\"\" data-post-type=\"portfolio\" data-show-portfolio=\"a%3A7%3A%7Bs%3A8%3A%22category%22%3Bb%3A0%3Bs%3A4%3A%22date%22%3Bb%3A0%3Bs%3A6%3A%22author%22%3Bb%3A0%3Bs%3A8%3A%22comments%22%3Bb%3A0%3Bs%3A7%3A%22excerpt%22%3Bb%3A0%3Bs%3A5%3A%22share%22%3Bb%3A0%3Bs%3A4%3A%22size%22%3Bs%3A23%3A%22boldthemes_large_square%22%3B%7D\" data-date-design=\"triangle\"  data-target=\"_self\"><div class=\"bt_bb_grid_sizer\"><\/div><\/div><\/div><\/div><\/div><\/div><\/div><\/div><\/div><\/div><\/div><\/section>","protected":false},"excerpt":{"rendered":"<p>Phosfluorescently engage worldwide methodologies with web-enabled technology. Interactively coordinate proactive e-commerce via process-centric &#8220;outside the box&#8221; thinking. Completely pursue scalable customer service through sustainable potentialities.<\/p>\n","protected":false},"author":4,"featured_media":2230,"parent":0,"menu_order":0,"comment_status":"closed","ping_status":"closed","template":"","meta":{"content-type":""},"yoast_head":"<!-- This site is optimized with the Yoast SEO plugin v21.0 - https:\/\/yoast.com\/wordpress\/plugins\/seo\/ -->\n<title>Izdelki - LKR<\/title>\n<meta name=\"robots\" content=\"index, follow, max-snippet:-1, max-image-preview:large, max-video-preview:-1\" \/>\n<link rel=\"canonical\" href=\"https:\/\/www.lkr.si\/sl\/izdelki\/\" \/>\n<meta property=\"og:locale\" content=\"sl_SI\" \/>\n<meta property=\"og:type\" content=\"article\" \/>\n<meta property=\"og:title\" content=\"Izdelki - LKR\" \/>\n<meta property=\"og:description\" content=\"Phosfluorescently engage worldwide methodologies with web-enabled technology. Interactively coordinate proactive e-commerce via process-centric &quot;outside the box&quot; thinking. Completely pursue scalable customer service through sustainable potentialities.\" \/>\n<meta property=\"og:url\" content=\"https:\/\/www.lkr.si\/sl\/izdelki\/\" \/>\n<meta property=\"og:site_name\" content=\"LKR\" \/>\n<meta property=\"article:publisher\" content=\"https:\/\/www.facebook.com\/lkrslovenia\" \/>\n<meta property=\"article:modified_time\" content=\"2021-10-18T06:38:11+00:00\" \/>\n<meta property=\"og:image\" content=\"https:\/\/www.lkr.si\/wp-content\/uploads\/2021\/06\/LKR-machining-3-1-scaled-e1623228776397.jpg\" \/>\n\t<meta property=\"og:image:width\" content=\"1881\" \/>\n\t<meta property=\"og:image:height\" content=\"1734\" \/>\n\t<meta property=\"og:image:type\" content=\"image\/jpeg\" \/>\n<meta name=\"twitter:card\" content=\"summary_large_image\" \/>\n<meta name=\"twitter:label1\" content=\"Est. reading time\" \/>\n\t<meta name=\"twitter:data1\" content=\"2 minuti\" \/>\n<script type=\"application\/ld+json\" class=\"yoast-schema-graph\">{\"@context\":\"https:\/\/schema.org\",\"@graph\":[{\"@type\":\"WebPage\",\"@id\":\"https:\/\/www.lkr.si\/sl\/izdelki\/\",\"url\":\"https:\/\/www.lkr.si\/sl\/izdelki\/\",\"name\":\"Izdelki - LKR\",\"isPartOf\":{\"@id\":\"https:\/\/www.lkr.si\/sl\/#website\"},\"datePublished\":\"2020-10-26T12:23:18+00:00\",\"dateModified\":\"2021-10-18T06:38:11+00:00\",\"breadcrumb\":{\"@id\":\"https:\/\/www.lkr.si\/sl\/izdelki\/#breadcrumb\"},\"inLanguage\":\"sl-SI\",\"potentialAction\":[{\"@type\":\"ReadAction\",\"target\":[\"https:\/\/www.lkr.si\/sl\/izdelki\/\"]}]},{\"@type\":\"BreadcrumbList\",\"@id\":\"https:\/\/www.lkr.si\/sl\/izdelki\/#breadcrumb\",\"itemListElement\":[{\"@type\":\"ListItem\",\"position\":1,\"name\":\"Home\",\"item\":\"https:\/\/www.lkr.si\/sl\/\"},{\"@type\":\"ListItem\",\"position\":2,\"name\":\"Izdelki\"}]},{\"@type\":\"WebSite\",\"@id\":\"https:\/\/www.lkr.si\/sl\/#website\",\"url\":\"https:\/\/www.lkr.si\/sl\/\",\"name\":\"LKR\",\"description\":\"\",\"publisher\":{\"@id\":\"https:\/\/www.lkr.si\/sl\/#organization\"},\"potentialAction\":[{\"@type\":\"SearchAction\",\"target\":{\"@type\":\"EntryPoint\",\"urlTemplate\":\"https:\/\/www.lkr.si\/sl\/?s={search_term_string}\"},\"query-input\":\"required name=search_term_string\"}],\"inLanguage\":\"sl-SI\"},{\"@type\":\"Organization\",\"@id\":\"https:\/\/www.lkr.si\/sl\/#organization\",\"name\":\"LKR\",\"url\":\"https:\/\/www.lkr.si\/sl\/\",\"logo\":{\"@type\":\"ImageObject\",\"inLanguage\":\"sl-SI\",\"@id\":\"https:\/\/www.lkr.si\/sl\/#\/schema\/logo\/image\/\",\"url\":\"https:\/\/www.lkr.si\/wp-content\/uploads\/2021\/06\/samo_lkrblack.png\",\"contentUrl\":\"https:\/\/www.lkr.si\/wp-content\/uploads\/2021\/06\/samo_lkrblack.png\",\"width\":148,\"height\":62,\"caption\":\"LKR\"},\"image\":{\"@id\":\"https:\/\/www.lkr.si\/sl\/#\/schema\/logo\/image\/\"},\"sameAs\":[\"https:\/\/www.facebook.com\/lkrslovenia\"]}]}<\/script>\n<!-- \/ Yoast SEO plugin. -->","yoast_head_json":{"title":"Izdelki - LKR","robots":{"index":"index","follow":"follow","max-snippet":"max-snippet:-1","max-image-preview":"max-image-preview:large","max-video-preview":"max-video-preview:-1"},"canonical":"https:\/\/www.lkr.si\/sl\/izdelki\/","og_locale":"sl_SI","og_type":"article","og_title":"Izdelki - LKR","og_description":"Phosfluorescently engage worldwide methodologies with web-enabled technology. Interactively coordinate proactive e-commerce via process-centric \"outside the box\" thinking. Completely pursue scalable customer service through sustainable potentialities.","og_url":"https:\/\/www.lkr.si\/sl\/izdelki\/","og_site_name":"LKR","article_publisher":"https:\/\/www.facebook.com\/lkrslovenia","article_modified_time":"2021-10-18T06:38:11+00:00","og_image":[{"width":1881,"height":1734,"url":"https:\/\/www.lkr.si\/wp-content\/uploads\/2021\/06\/LKR-machining-3-1-scaled-e1623228776397.jpg","type":"image\/jpeg"}],"twitter_card":"summary_large_image","twitter_misc":{"Est. reading time":"2 minuti"},"schema":{"@context":"https:\/\/schema.org","@graph":[{"@type":"WebPage","@id":"https:\/\/www.lkr.si\/sl\/izdelki\/","url":"https:\/\/www.lkr.si\/sl\/izdelki\/","name":"Izdelki - LKR","isPartOf":{"@id":"https:\/\/www.lkr.si\/sl\/#website"},"datePublished":"2020-10-26T12:23:18+00:00","dateModified":"2021-10-18T06:38:11+00:00","breadcrumb":{"@id":"https:\/\/www.lkr.si\/sl\/izdelki\/#breadcrumb"},"inLanguage":"sl-SI","potentialAction":[{"@type":"ReadAction","target":["https:\/\/www.lkr.si\/sl\/izdelki\/"]}]},{"@type":"BreadcrumbList","@id":"https:\/\/www.lkr.si\/sl\/izdelki\/#breadcrumb","itemListElement":[{"@type":"ListItem","position":1,"name":"Home","item":"https:\/\/www.lkr.si\/sl\/"},{"@type":"ListItem","position":2,"name":"Izdelki"}]},{"@type":"WebSite","@id":"https:\/\/www.lkr.si\/sl\/#website","url":"https:\/\/www.lkr.si\/sl\/","name":"LKR","description":"","publisher":{"@id":"https:\/\/www.lkr.si\/sl\/#organization"},"potentialAction":[{"@type":"SearchAction","target":{"@type":"EntryPoint","urlTemplate":"https:\/\/www.lkr.si\/sl\/?s={search_term_string}"},"query-input":"required name=search_term_string"}],"inLanguage":"sl-SI"},{"@type":"Organization","@id":"https:\/\/www.lkr.si\/sl\/#organization","name":"LKR","url":"https:\/\/www.lkr.si\/sl\/","logo":{"@type":"ImageObject","inLanguage":"sl-SI","@id":"https:\/\/www.lkr.si\/sl\/#\/schema\/logo\/image\/","url":"https:\/\/www.lkr.si\/wp-content\/uploads\/2021\/06\/samo_lkrblack.png","contentUrl":"https:\/\/www.lkr.si\/wp-content\/uploads\/2021\/06\/samo_lkrblack.png","width":148,"height":62,"caption":"LKR"},"image":{"@id":"https:\/\/www.lkr.si\/sl\/#\/schema\/logo\/image\/"},"sameAs":["https:\/\/www.facebook.com\/lkrslovenia"]}]}},"_links":{"self":[{"href":"https:\/\/www.lkr.si\/sl\/wp-json\/wp\/v2\/pages\/2279"}],"collection":[{"href":"https:\/\/www.lkr.si\/sl\/wp-json\/wp\/v2\/pages"}],"about":[{"href":"https:\/\/www.lkr.si\/sl\/wp-json\/wp\/v2\/types\/page"}],"author":[{"embeddable":true,"href":"https:\/\/www.lkr.si\/sl\/wp-json\/wp\/v2\/users\/4"}],"replies":[{"embeddable":true,"href":"https:\/\/www.lkr.si\/sl\/wp-json\/wp\/v2\/comments?post=2279"}],"version-history":[{"count":23,"href":"https:\/\/www.lkr.si\/sl\/wp-json\/wp\/v2\/pages\/2279\/revisions"}],"predecessor-version":[{"id":5196,"href":"https:\/\/www.lkr.si\/sl\/wp-json\/wp\/v2\/pages\/2279\/revisions\/5196"}],"wp:featuredmedia":[{"embeddable":true,"href":"https:\/\/www.lkr.si\/sl\/wp-json\/wp\/v2\/media\/2230"}],"wp:attachment":[{"href":"https:\/\/www.lkr.si\/sl\/wp-json\/wp\/v2\/media?parent=2279"}],"curies":[{"name":"wp","href":"https:\/\/api.w.org\/{rel}","templated":true}]}}