{"id":2881,"date":"2020-10-26T12:20:25","date_gmt":"2020-10-26T12:20:25","guid":{"rendered":"https:\/\/www.lkr.si\/footer\/"},"modified":"2024-12-11T11:26:26","modified_gmt":"2024-12-11T10:26:26","slug":"footer","status":"publish","type":"page","link":"https:\/\/www.lkr.si\/de\/footer\/","title":{"rendered":"Footer"},"content":{"rendered":"<section id=\"bt_bb_section69f2ec5d16138\"  class=\"bt_bb_section bt_bb_color_scheme_1 bt_bb_layout_wide bt_bb_vertical_align_top\" style=\";background-color:rgb(255,125,12);\"><div class=\"bt_bb_port\"><div class=\"bt_bb_cell\"><div class=\"bt_bb_cell_inner\"><div class=\"bt_bb_row_wrapper\"><div  class=\"bt_bb_row\" ><div  class=\"bt_bb_column col-xl-12 col-xs-12 col-sm-12 col-md-12 col-lg-12 bt_bb_vertical_align_top bt_bb_align_left bt_bb_padding_normal\"  data-width=\"12\" data-bt-override-class=\"{}\"><div class=\"bt_bb_column_content\"><div class=\"bt_bb_column_content_inner\"><\/div><\/div><\/div><\/div><\/div><div class=\"bt_bb_row_wrapper bt_bb_row_push_right bt_bb_row_push_left bt_bb_row_width_boxed_1200\"><div  class=\"bt_bb_row\" ><div  class=\"bt_bb_column col-xl-3 col-xs-12 col-sm-6 col-md-6 col-lg-3 btLightSkin bt_bb_vertical_align_top bt_bb_align_center bt_bb_padding_10\" style=\"background-color:rgba(241, 241, 241, 1);\" data-width=\"3\" data-bt-override-class=\"{&quot;bt_bb_align_&quot;:{&quot;current_class&quot;:&quot;bt_bb_align_center&quot;,&quot;xl&quot;:&quot;center&quot;}}\"><div class=\"bt_bb_column_content\"><div class=\"bt_bb_column_content_inner\"><div class=\"bt_bb_separator bt_bb_border_style_none bt_bb_bottom_spacing_30 bt_bb_hidden_md bt_bb_hidden_lg\" data-bt-override-class=\"null\"><\/div><div class=\"bt_bb_separator bt_bb_border_style_none bt_bb_bottom_spacing_40 bt_bb_hidden_xs bt_bb_hidden_ms bt_bb_hidden_sm\" data-bt-override-class=\"null\"><\/div><div class=\"bt_bb_accordion\"><\/div><div class=\"bt_bb_image bt_bb_shape_square bt_bb_align_inherit bt_bb_hover_style_simple bt_bb_content_display_always bt_bb_content_align_middle bt_bb_remove_padding_yes bt_bb_fill_background_color_full\"><a href=\"https:\/\/www.bisnode.si\/produkti\/bisnode-aaa\/\"  target=\"_self\" title=\"Untitled-3\"><img src = \"https:\/\/www.lkr.si\/wp-content\/plugins\/bold-page-builder\/img\/blank.gif\" data-full_image_src=\"https:\/\/www.lkr.si\/wp-content\/uploads\/2021\/06\/Untitled-3.png\" data-image_src=\"https:\/\/www.lkr.si\/wp-content\/uploads\/2021\/06\/Untitled-3.png\" title=\"Untitled-3\" alt=\"https:\/\/www.lkr.si\/wp-content\/uploads\/2021\/06\/Untitled-3.png\" class=\"btLazyLoadImage\"><\/a><\/div><div class=\"bt_bb_separator bt_bb_border_style_none bt_bb_bottom_spacing_40\" data-bt-override-class=\"null\"><\/div><div  class=\"bt_bb_text\" ><p><span style=\"color: #000000;\">LKR ist ein slowenisches Familien-Unternehmen, welches sich auf technologisch anspruchsvolle Spezialguss-Produkte spezialisiert hatte.<\/span><\/p>\n<\/div><div class=\"bt_bb_separator bt_bb_border_style_none bt_bb_bottom_spacing_30 bt_bb_hidden_md bt_bb_hidden_lg\" data-bt-override-class=\"null\"><\/div><div  class=\"bt_bb_row_inner bt_bb_column_inner_gap_5\" style=\"padding:10px;\"><div  class=\"bt_bb_column_inner col-xl-12 col-xs-12 col-sm-12 col-md-12 col-lg-12 bt_bb_align_center bt_bb_vertical_align_top bt_bb_padding_0\"  data-width=\"12\" data-bt-override-class=\"{&quot;bt_bb_align_&quot;:{&quot;current_class&quot;:&quot;bt_bb_align_center&quot;,&quot;xl&quot;:&quot;center&quot;}}\"><div class=\"bt_bb_column_inner_content\"><div class=\"bt_bb_image bt_bb_shape_square bt_bb_align_inherit bt_bb_hover_style_simple bt_bb_content_display_always bt_bb_content_align_middle bt_bb_remove_padding_yes bt_bb_fill_background_color_full\"><a href=\"https:\/\/www.bisnode.si\/produkti\/bisnode-aaa\/\"  target=\"_self\" title=\"lkr_tuv_certified\"><img src = \"https:\/\/www.lkr.si\/wp-content\/plugins\/bold-page-builder\/img\/blank.gif\" data-full_image_src=\"https:\/\/www.lkr.si\/wp-content\/uploads\/2021\/06\/lkr_tuv_certified-e1623243324894.png\" data-image_src=\"https:\/\/www.lkr.si\/wp-content\/uploads\/2021\/06\/lkr_tuv_certified-e1623243324894.png\" title=\"lkr_tuv_certified\" alt=\"https:\/\/www.lkr.si\/wp-content\/uploads\/2021\/06\/lkr_tuv_certified-e1623243324894.png\" class=\"btLazyLoadImage\"><\/a><\/div><\/div><\/div><\/div><div  class=\"bt_bb_row_inner bt_bb_column_inner_gap_5\" style=\"padding:10px;\"><div  class=\"bt_bb_column_inner col-xl-12 col-xs-12 col-sm-12 col-md-12 col-lg-12 bt_bb_align_center bt_bb_vertical_align_top bt_bb_padding_0\"  data-width=\"12\" data-bt-override-class=\"{&quot;bt_bb_align_&quot;:{&quot;current_class&quot;:&quot;bt_bb_align_center&quot;,&quot;xl&quot;:&quot;center&quot;}}\"><div class=\"bt_bb_column_inner_content\"><div class=\"bt_bb_image bt_bb_shape_square bt_bb_align_inherit bt_bb_hover_style_simple bt_bb_content_display_always bt_bb_content_align_middle bt_bb_remove_padding_yes bt_bb_fill_background_color_full\"><a href=\"https:\/\/www.bisnode.si\/produkti\/bisnode-aaa\/\"  target=\"_self\" title=\"lkr_bisnode_aaa_highest_credibility\"><img src = \"https:\/\/www.lkr.si\/wp-content\/plugins\/bold-page-builder\/img\/blank.gif\" data-full_image_src=\"https:\/\/www.lkr.si\/wp-content\/uploads\/2021\/06\/lkr_bisnode_aaa_highest_credibility-e1623243409276.png\" data-image_src=\"https:\/\/www.lkr.si\/wp-content\/uploads\/2021\/06\/lkr_bisnode_aaa_highest_credibility-e1623243409276.png\" title=\"lkr_bisnode_aaa_highest_credibility\" alt=\"https:\/\/www.lkr.si\/wp-content\/uploads\/2021\/06\/lkr_bisnode_aaa_highest_credibility-e1623243409276.png\" class=\"btLazyLoadImage\"><\/a><\/div><\/div><\/div><\/div><\/div><\/div><\/div><div  class=\"bt_bb_column col-xl-3 col-xs-12 col-sm-6 col-md-6 col-lg-3 bt_bb_vertical_align_top bt_bb_align_left bt_bb_padding_normal\"  data-width=\"3\" data-bt-override-class=\"{&quot;bt_bb_align_&quot;:{&quot;current_class&quot;:&quot;bt_bb_align_left&quot;,&quot;xl&quot;:&quot;left&quot;}}\"><div class=\"bt_bb_column_content\"><div class=\"bt_bb_column_content_inner\"><div class=\"bt_bb_separator bt_bb_border_style_none bt_bb_bottom_spacing_50 bt_bb_hidden_xs bt_bb_hidden_ms bt_bb_hidden_sm\" data-bt-override-class=\"null\"><\/div><div  class=\"bt_bb_row_inner\" ><div  class=\"bt_bb_column_inner col-xl-12 col-xs-12 col-sm-12 col-md-12 col-lg-12 bt_bb_align_left bt_bb_vertical_align_top bt_bb_padding_normal\"  data-width=\"12\" data-bt-override-class=\"{&quot;bt_bb_align_&quot;:{&quot;current_class&quot;:&quot;bt_bb_align_left&quot;,&quot;xl&quot;:&quot;left&quot;}}\"><div class=\"bt_bb_column_inner_content\"><div class=\"bt_bb_separator bt_bb_border_style_none bt_bb_bottom_spacing_30 bt_bb_hidden_md bt_bb_hidden_lg\" data-bt-override-class=\"null\"><\/div><header class=\"bt_bb_headline bt_bb_dash_none bt_bb_size_inherit bt_bb_align_inherit\"><h4><span class=\"bt_bb_headline_content\"><span>Unsere Dienstleistungen<\/span><\/span><\/h4><\/header><div class=\"bt_bb_separator bt_bb_border_style_none bt_bb_bottom_spacing_40\" data-bt-override-class=\"null\"><\/div><div class=\"bt_bb_custom_menu btBulletedMenu btLightFontMenu bt_bb_direction_vertical\"><div class=\"menu-footer-about-ge-container\"><ul id=\"menu-footer-about-ge\" class=\"menu\"><li id=\"menu-item-2892\" class=\"menu-item menu-item-type-post_type menu-item-object-page menu-item-2892\"><a href=\"https:\/\/www.lkr.si\/de\/leistungen\/modellbau\/\">Modellbau<\/a><\/li>\n<li id=\"menu-item-2890\" class=\"menu-item menu-item-type-post_type menu-item-object-page menu-item-2890\"><a href=\"https:\/\/www.lkr.si\/de\/erstarrungssimulation\/\">Erstarrungssimulation<\/a><\/li>\n<li id=\"menu-item-2888\" class=\"menu-item menu-item-type-post_type menu-item-object-page menu-item-2888\"><a href=\"https:\/\/www.lkr.si\/de\/laserschweissen\/\">Laserschwei\u00dfen<\/a><\/li>\n<li id=\"menu-item-2891\" class=\"menu-item menu-item-type-post_type menu-item-object-page menu-item-2891\"><a href=\"https:\/\/www.lkr.si\/de\/waermbehandlung\/\">W\u00e4rmbehandlung<\/a><\/li>\n<li id=\"menu-item-2886\" class=\"menu-item menu-item-type-post_type menu-item-object-page menu-item-2886\"><a href=\"https:\/\/www.lkr.si\/de\/sicherstellung-der-qualitaet\/\">Sicherstellung der Qualit\u00e4t<\/a><\/li>\n<\/ul><\/div><\/div><\/div><\/div><\/div><\/div><\/div><\/div><div  class=\"bt_bb_column col-xl-3 col-xs-12 col-sm-6 col-md-6 col-lg-3 bt_bb_vertical_align_top bt_bb_align_left bt_bb_padding_normal\"  data-width=\"3\" data-bt-override-class=\"{}\"><div class=\"bt_bb_column_content\"><div class=\"bt_bb_column_content_inner\"><div class=\"bt_bb_separator bt_bb_border_style_none bt_bb_bottom_spacing_50 bt_bb_hidden_xs bt_bb_hidden_ms bt_bb_hidden_sm\" data-bt-override-class=\"null\"><\/div><div  class=\"bt_bb_row_inner\" ><div  class=\"bt_bb_column_inner col-xl-12 col-xs-12 col-sm-12 col-md-12 col-lg-12 bt_bb_align_left bt_bb_vertical_align_top bt_bb_padding_normal\"  data-width=\"12\" data-bt-override-class=\"{&quot;bt_bb_align_&quot;:{&quot;current_class&quot;:&quot;bt_bb_align_left&quot;,&quot;xl&quot;:&quot;left&quot;}}\"><div class=\"bt_bb_column_inner_content\"><div class=\"bt_bb_separator bt_bb_border_style_none bt_bb_bottom_spacing_30 bt_bb_hidden_md bt_bb_hidden_lg\" data-bt-override-class=\"null\"><\/div><header class=\"bt_bb_headline bt_bb_dash_none bt_bb_size_inherit bt_bb_align_inherit\"><h4><span class=\"bt_bb_headline_content\"><span>Kontaktiere uns<\/span><\/span><\/h4><\/header><div class=\"bt_bb_separator bt_bb_border_style_none bt_bb_bottom_spacing_40\" data-bt-override-class=\"null\"><\/div><div class=\"bt_bb_icon bt_bb_align_icon_top btFooterLightIcon bt_bb_color_scheme_1 bt_bb_style_borderless bt_bb_size_small bt_bb_shape_circle bt_bb_target_self bt_bb_align_inherit\" style=\"; --primary-color:#ffffff; --secondary-color:#000000;\" data-bt-override-class=\"{&quot;bt_bb_size_&quot;:{&quot;current_class&quot;:&quot;bt_bb_size_small&quot;,&quot;xl&quot;:&quot;small&quot;},&quot;bt_bb_align_&quot;:{&quot;current_class&quot;:&quot;bt_bb_align_inherit&quot;,&quot;xl&quot;:&quot;inherit&quot;}}\"><span  data-ico-fontawesome5solid=\"&#xf3c5;\" class=\"bt_bb_icon_holder\"><span>Hauptb\u00fcro: LKR d.o.o. Kotlje 117, SI-2394 KOTLJE, Slovenia <\/span><\/span><\/div><div class=\"bt_bb_separator bt_bb_border_style_none bt_bb_bottom_spacing_15\" data-bt-override-class=\"null\"><\/div><div class=\"bt_bb_icon bt_bb_align_icon_top btFooterLightIcon bt_bb_color_scheme_1 bt_bb_style_borderless bt_bb_size_small bt_bb_shape_circle bt_bb_target_self bt_bb_align_inherit\" style=\"; --primary-color:#ffffff; --secondary-color:#000000;\" data-bt-override-class=\"{&quot;bt_bb_size_&quot;:{&quot;current_class&quot;:&quot;bt_bb_size_small&quot;,&quot;xl&quot;:&quot;small&quot;},&quot;bt_bb_align_&quot;:{&quot;current_class&quot;:&quot;bt_bb_align_inherit&quot;,&quot;xl&quot;:&quot;inherit&quot;}}\"><span  data-ico-fontawesome5solid=\"&#xf3c5;\" class=\"bt_bb_icon_holder\"><span> Fabrik: LKR d.o.o. Koro\u0161ka cesta 14 SI - 2390 Ravne na Koro\u0161kem, Slovenia<\/span><\/span><\/div><div class=\"bt_bb_separator bt_bb_border_style_none bt_bb_bottom_spacing_15\" data-bt-override-class=\"null\"><\/div><div class=\"bt_bb_icon btFooterLightIcon bt_bb_color_scheme_1 bt_bb_style_borderless bt_bb_size_small bt_bb_shape_circle bt_bb_target_self bt_bb_align_inherit\" style=\"; --primary-color:#ffffff; --secondary-color:#000000;\" data-bt-override-class=\"{&quot;bt_bb_size_&quot;:{&quot;current_class&quot;:&quot;bt_bb_size_small&quot;,&quot;xl&quot;:&quot;small&quot;},&quot;bt_bb_align_&quot;:{&quot;current_class&quot;:&quot;bt_bb_align_inherit&quot;,&quot;xl&quot;:&quot;inherit&quot;}}\"><a href=\"tel:386 2 87 06 684\"  target=\"_self\"  title=\"+386 2 87 06 684\"  data-ico-fontawesome5solid=\"&#xf095;\" class=\"bt_bb_icon_holder\"><span>+386 2 87 06 684<\/span><\/a><\/div><div class=\"bt_bb_separator bt_bb_border_style_none bt_bb_bottom_spacing_15\" data-bt-override-class=\"null\"><\/div><div class=\"bt_bb_icon btFooterLightIcon bt_bb_color_scheme_14 bt_bb_style_borderless bt_bb_size_small bt_bb_shape_circle bt_bb_target_self bt_bb_align_inherit\" style=\"; --primary-color:#fff; --secondary-color:#000;\" data-bt-override-class=\"{&quot;bt_bb_size_&quot;:{&quot;current_class&quot;:&quot;bt_bb_size_small&quot;,&quot;xl&quot;:&quot;small&quot;},&quot;bt_bb_align_&quot;:{&quot;current_class&quot;:&quot;bt_bb_align_inherit&quot;,&quot;xl&quot;:&quot;inherit&quot;}}\"><a href=\"tel:386 2 87 06 423\"  target=\"_self\"  title=\"+386 2 87 06 423\"  data-ico-fontawesome5solid=\"&#xf095;\" class=\"bt_bb_icon_holder\"><span>+386 2 87 06 423<\/span><\/a><\/div><div class=\"bt_bb_separator bt_bb_border_style_none bt_bb_bottom_spacing_15\" data-bt-override-class=\"null\"><\/div><div class=\"bt_bb_icon btFooterLightIcon bt_bb_color_scheme_1 bt_bb_style_borderless bt_bb_size_small bt_bb_shape_circle bt_bb_target_self bt_bb_align_inherit\" style=\"; --primary-color:#ffffff; --secondary-color:#000000;\" data-bt-override-class=\"{&quot;bt_bb_size_&quot;:{&quot;current_class&quot;:&quot;bt_bb_size_small&quot;,&quot;xl&quot;:&quot;small&quot;},&quot;bt_bb_align_&quot;:{&quot;current_class&quot;:&quot;bt_bb_align_inherit&quot;,&quot;xl&quot;:&quot;inherit&quot;}}\"><a href=\"mailto:info@amwerk.com\"  target=\"_self\"  title=\"info@lkr.si\"  data-ico-fontawesome5solid=\"&#xf1d8;\" class=\"bt_bb_icon_holder\"><span>info@lkr.si<\/span><\/a><\/div><div class=\"bt_bb_separator bt_bb_border_style_none bt_bb_bottom_spacing_40\" data-bt-override-class=\"null\"><\/div><\/div><\/div><\/div><\/div><\/div><\/div><div  class=\"bt_bb_column col-xl-3 col-xs-12 col-sm-6 col-md-6 col-lg-3 bt_bb_vertical_align_top bt_bb_align_left bt_bb_padding_normal\"  data-width=\"3\" data-bt-override-class=\"{}\"><div class=\"bt_bb_column_content\"><div class=\"bt_bb_column_content_inner\"><div class=\"bt_bb_separator bt_bb_border_style_none bt_bb_bottom_spacing_110 bt_bb_hidden_xs bt_bb_hidden_ms bt_bb_hidden_sm\" data-bt-override-class=\"null\"><\/div><div  class=\"bt_bb_row_inner bt_bb_column_inner_gap_5\" style=\"padding:10px;\"><div  class=\"bt_bb_column_inner col-xl-6 col-xs-12 col-sm-6 col-md-6 col-lg-6 bt_bb_align_center bt_bb_vertical_align_top bt_bb_padding_0\"  data-width=\"6\" data-bt-override-class=\"{&quot;bt_bb_align_&quot;:{&quot;current_class&quot;:&quot;bt_bb_align_center&quot;,&quot;xl&quot;:&quot;center&quot;}}\"><div class=\"bt_bb_column_inner_content\"><div class=\"bt_bb_image bt_bb_shape_square bt_bb_align_inherit bt_bb_hover_style_simple bt_bb_content_display_always bt_bb_content_align_middle bt_bb_remove_padding_yes bt_bb_fill_background_color_full\"><a href=\"https:\/\/www.eu-skladi.si\/\"  target=\"_blank\" title=\"EU-MGRT\"><img src = \"https:\/\/www.lkr.si\/wp-content\/plugins\/bold-page-builder\/img\/blank.gif\" data-full_image_src=\"https:\/\/www.lkr.si\/wp-content\/uploads\/2021\/08\/EU-MGRT.jpg\" data-image_src=\"https:\/\/www.lkr.si\/wp-content\/uploads\/2021\/08\/EU-MGRT.jpg\" title=\"EU-MGRT\" alt=\"https:\/\/www.lkr.si\/wp-content\/uploads\/2021\/08\/EU-MGRT.jpg\" class=\"btLazyLoadImage\"><\/a><\/div><div class=\"bt_bb_separator bt_bb_border_style_none bt_bb_bottom_spacing_10\" data-bt-override-class=\"null\"><\/div><div class=\"bt_bb_image bt_bb_shape_square bt_bb_align_inherit bt_bb_hover_style_simple bt_bb_content_display_always bt_bb_content_align_middle bt_bb_remove_padding_yes bt_bb_fill_background_color_full\"><a href=\"https:\/\/www.spiritslovenia.si\/\"  target=\"_blank\" title=\"Spirit-MGRT\"><img src = \"https:\/\/www.lkr.si\/wp-content\/plugins\/bold-page-builder\/img\/blank.gif\" data-full_image_src=\"https:\/\/www.lkr.si\/wp-content\/uploads\/2021\/08\/Spirit-MGRT.png\" data-image_src=\"https:\/\/www.lkr.si\/wp-content\/uploads\/2021\/08\/Spirit-MGRT.png\" title=\"Spirit-MGRT\" alt=\"https:\/\/www.lkr.si\/wp-content\/uploads\/2021\/08\/Spirit-MGRT.png\" class=\"btLazyLoadImage\"><\/a><\/div><\/div><\/div><div  class=\"bt_bb_column_inner col-xl-6 col-xs-12 col-sm-6 col-md-6 col-lg-6 bt_bb_align_center bt_bb_vertical_align_top bt_bb_padding_0\"  data-width=\"6\" data-bt-override-class=\"{&quot;bt_bb_align_&quot;:{&quot;current_class&quot;:&quot;bt_bb_align_center&quot;,&quot;xl&quot;:&quot;center&quot;}}\"><div class=\"bt_bb_column_inner_content\"><div class=\"bt_bb_image bt_bb_shape_square bt_bb_align_inherit bt_bb_hover_style_simple bt_bb_content_display_always bt_bb_content_align_middle bt_bb_remove_padding_yes bt_bb_fill_background_color_full\"><a href=\"https:\/\/www.gov.si\/drzavni-organi\/ministrstva\/ministrstvo-za-gospodarski-razvoj-in-tehnologijo\/\"  target=\"_blank\" title=\"MGRT\"><img src = \"https:\/\/www.lkr.si\/wp-content\/plugins\/bold-page-builder\/img\/blank.gif\" data-full_image_src=\"https:\/\/www.lkr.si\/wp-content\/uploads\/2021\/08\/MGRT.png\" data-image_src=\"https:\/\/www.lkr.si\/wp-content\/uploads\/2021\/08\/MGRT.png\" title=\"MGRT\" alt=\"https:\/\/www.lkr.si\/wp-content\/uploads\/2021\/08\/MGRT.png\" class=\"btLazyLoadImage\"><\/a><\/div><div class=\"bt_bb_separator bt_bb_border_style_none bt_bb_bottom_spacing_10\" data-bt-override-class=\"null\"><\/div><\/div><\/div><\/div><div  class=\"bt_bb_text\" ><p><a id=\"bb\" href=\"https:\/\/www.lkr.si\/financna-podpora-evropske-unije\/\">Die Investition wird von der Republik Slowenien und der Europ\u00e4ischen Union aus dem Europ\u00e4ischen Fonds f\u00fcr regionale Entwicklung kofinanziert.<\/a><\/p>\n<\/div><div class=\"bt_bb_separator bt_bb_border_style_none bt_bb_bottom_spacing_30 bt_bb_hidden_md bt_bb_hidden_lg\" data-bt-override-class=\"null\"><\/div><\/div><\/div><\/div><\/div><\/div><\/div><\/div><\/div><\/section>","protected":false},"excerpt":{"rendered":"","protected":false},"author":4,"featured_media":0,"parent":0,"menu_order":0,"comment_status":"closed","ping_status":"closed","template":"","meta":{"content-type":""},"yoast_head":"<!-- This site is optimized with the Yoast SEO plugin v21.0 - https:\/\/yoast.com\/wordpress\/plugins\/seo\/ -->\n<title>Footer - LKR<\/title>\n<meta name=\"robots\" content=\"index, follow, max-snippet:-1, max-image-preview:large, max-video-preview:-1\" \/>\n<link rel=\"canonical\" href=\"https:\/\/www.lkr.si\/de\/footer\/\" \/>\n<meta property=\"og:locale\" content=\"de_DE\" \/>\n<meta property=\"og:type\" content=\"article\" \/>\n<meta property=\"og:title\" content=\"Footer - LKR\" \/>\n<meta property=\"og:url\" content=\"https:\/\/www.lkr.si\/de\/footer\/\" \/>\n<meta property=\"og:site_name\" content=\"LKR\" \/>\n<meta property=\"article:publisher\" content=\"https:\/\/www.facebook.com\/lkrslovenia\" \/>\n<meta property=\"article:modified_time\" content=\"2024-12-11T10:26:26+00:00\" \/>\n<meta name=\"twitter:card\" content=\"summary_large_image\" \/>\n<meta name=\"twitter:label1\" content=\"Gesch\u00e4tzte Lesezeit\" \/>\n\t<meta name=\"twitter:data1\" content=\"5 Minuten\" \/>\n<script type=\"application\/ld+json\" class=\"yoast-schema-graph\">{\"@context\":\"https:\/\/schema.org\",\"@graph\":[{\"@type\":\"WebPage\",\"@id\":\"https:\/\/www.lkr.si\/de\/footer\/\",\"url\":\"https:\/\/www.lkr.si\/de\/footer\/\",\"name\":\"Footer - LKR\",\"isPartOf\":{\"@id\":\"https:\/\/www.lkr.si\/sl\/#website\"},\"datePublished\":\"2020-10-26T12:20:25+00:00\",\"dateModified\":\"2024-12-11T10:26:26+00:00\",\"breadcrumb\":{\"@id\":\"https:\/\/www.lkr.si\/de\/footer\/#breadcrumb\"},\"inLanguage\":\"de-DE\",\"potentialAction\":[{\"@type\":\"ReadAction\",\"target\":[\"https:\/\/www.lkr.si\/de\/footer\/\"]}]},{\"@type\":\"BreadcrumbList\",\"@id\":\"https:\/\/www.lkr.si\/de\/footer\/#breadcrumb\",\"itemListElement\":[{\"@type\":\"ListItem\",\"position\":1,\"name\":\"Home\",\"item\":\"https:\/\/www.lkr.si\/de\/\"},{\"@type\":\"ListItem\",\"position\":2,\"name\":\"Footer\"}]},{\"@type\":\"WebSite\",\"@id\":\"https:\/\/www.lkr.si\/sl\/#website\",\"url\":\"https:\/\/www.lkr.si\/sl\/\",\"name\":\"LKR\",\"description\":\"\",\"publisher\":{\"@id\":\"https:\/\/www.lkr.si\/sl\/#organization\"},\"potentialAction\":[{\"@type\":\"SearchAction\",\"target\":{\"@type\":\"EntryPoint\",\"urlTemplate\":\"https:\/\/www.lkr.si\/sl\/?s={search_term_string}\"},\"query-input\":\"required name=search_term_string\"}],\"inLanguage\":\"de-DE\"},{\"@type\":\"Organization\",\"@id\":\"https:\/\/www.lkr.si\/sl\/#organization\",\"name\":\"LKR\",\"url\":\"https:\/\/www.lkr.si\/sl\/\",\"logo\":{\"@type\":\"ImageObject\",\"inLanguage\":\"de-DE\",\"@id\":\"https:\/\/www.lkr.si\/sl\/#\/schema\/logo\/image\/\",\"url\":\"https:\/\/www.lkr.si\/wp-content\/uploads\/2021\/06\/samo_lkrblack.png\",\"contentUrl\":\"https:\/\/www.lkr.si\/wp-content\/uploads\/2021\/06\/samo_lkrblack.png\",\"width\":148,\"height\":62,\"caption\":\"LKR\"},\"image\":{\"@id\":\"https:\/\/www.lkr.si\/sl\/#\/schema\/logo\/image\/\"},\"sameAs\":[\"https:\/\/www.facebook.com\/lkrslovenia\"]}]}<\/script>\n<!-- \/ Yoast SEO plugin. -->","yoast_head_json":{"title":"Footer - LKR","robots":{"index":"index","follow":"follow","max-snippet":"max-snippet:-1","max-image-preview":"max-image-preview:large","max-video-preview":"max-video-preview:-1"},"canonical":"https:\/\/www.lkr.si\/de\/footer\/","og_locale":"de_DE","og_type":"article","og_title":"Footer - LKR","og_url":"https:\/\/www.lkr.si\/de\/footer\/","og_site_name":"LKR","article_publisher":"https:\/\/www.facebook.com\/lkrslovenia","article_modified_time":"2024-12-11T10:26:26+00:00","twitter_card":"summary_large_image","twitter_misc":{"Gesch\u00e4tzte Lesezeit":"5 Minuten"},"schema":{"@context":"https:\/\/schema.org","@graph":[{"@type":"WebPage","@id":"https:\/\/www.lkr.si\/de\/footer\/","url":"https:\/\/www.lkr.si\/de\/footer\/","name":"Footer - LKR","isPartOf":{"@id":"https:\/\/www.lkr.si\/sl\/#website"},"datePublished":"2020-10-26T12:20:25+00:00","dateModified":"2024-12-11T10:26:26+00:00","breadcrumb":{"@id":"https:\/\/www.lkr.si\/de\/footer\/#breadcrumb"},"inLanguage":"de-DE","potentialAction":[{"@type":"ReadAction","target":["https:\/\/www.lkr.si\/de\/footer\/"]}]},{"@type":"BreadcrumbList","@id":"https:\/\/www.lkr.si\/de\/footer\/#breadcrumb","itemListElement":[{"@type":"ListItem","position":1,"name":"Home","item":"https:\/\/www.lkr.si\/de\/"},{"@type":"ListItem","position":2,"name":"Footer"}]},{"@type":"WebSite","@id":"https:\/\/www.lkr.si\/sl\/#website","url":"https:\/\/www.lkr.si\/sl\/","name":"LKR","description":"","publisher":{"@id":"https:\/\/www.lkr.si\/sl\/#organization"},"potentialAction":[{"@type":"SearchAction","target":{"@type":"EntryPoint","urlTemplate":"https:\/\/www.lkr.si\/sl\/?s={search_term_string}"},"query-input":"required name=search_term_string"}],"inLanguage":"de-DE"},{"@type":"Organization","@id":"https:\/\/www.lkr.si\/sl\/#organization","name":"LKR","url":"https:\/\/www.lkr.si\/sl\/","logo":{"@type":"ImageObject","inLanguage":"de-DE","@id":"https:\/\/www.lkr.si\/sl\/#\/schema\/logo\/image\/","url":"https:\/\/www.lkr.si\/wp-content\/uploads\/2021\/06\/samo_lkrblack.png","contentUrl":"https:\/\/www.lkr.si\/wp-content\/uploads\/2021\/06\/samo_lkrblack.png","width":148,"height":62,"caption":"LKR"},"image":{"@id":"https:\/\/www.lkr.si\/sl\/#\/schema\/logo\/image\/"},"sameAs":["https:\/\/www.facebook.com\/lkrslovenia"]}]}},"_links":{"self":[{"href":"https:\/\/www.lkr.si\/de\/wp-json\/wp\/v2\/pages\/2881"}],"collection":[{"href":"https:\/\/www.lkr.si\/de\/wp-json\/wp\/v2\/pages"}],"about":[{"href":"https:\/\/www.lkr.si\/de\/wp-json\/wp\/v2\/types\/page"}],"author":[{"embeddable":true,"href":"https:\/\/www.lkr.si\/de\/wp-json\/wp\/v2\/users\/4"}],"replies":[{"embeddable":true,"href":"https:\/\/www.lkr.si\/de\/wp-json\/wp\/v2\/comments?post=2881"}],"version-history":[{"count":9,"href":"https:\/\/www.lkr.si\/de\/wp-json\/wp\/v2\/pages\/2881\/revisions"}],"predecessor-version":[{"id":11938,"href":"https:\/\/www.lkr.si\/de\/wp-json\/wp\/v2\/pages\/2881\/revisions\/11938"}],"wp:attachment":[{"href":"https:\/\/www.lkr.si\/de\/wp-json\/wp\/v2\/media?parent=2881"}],"curies":[{"name":"wp","href":"https:\/\/api.w.org\/{rel}","templated":true}]}}