{"id":2359,"date":"2021-06-09T11:14:58","date_gmt":"2021-06-09T10:14:58","guid":{"rendered":"https:\/\/www.lkr.si\/services\/services-model\/"},"modified":"2021-10-14T10:33:44","modified_gmt":"2021-10-14T09:33:44","slug":"modellbau","status":"publish","type":"page","link":"https:\/\/www.lkr.si\/de\/leistungen\/modellbau\/","title":{"rendered":"Modellbau"},"content":{"rendered":"<section id=\"bt_bb_section69f4245706d6a\"  data-background_image_src=\"'https:\/\/www.lkr.si\/wp-content\/uploads\/2021\/08\/742593455_20180127_121656_4239001-scaled.jpg'\" class=\"bt_bb_section bt_bb_top_spacing_extra_large bt_bb_bottom_spacing_large bt_bb_color_scheme_11 bt_bb_layout_boxed_1200 bt_bb_vertical_align_top btLazyLoadBackground bt_bb_background_image bt_bb_background_overlay_dark_solid bt-dark-skin\" style=\"background-image:url(&#039;https:\/\/www.lkr.si\/wp-content\/plugins\/bold-page-builder\/img\/blank.gif&#039;);\"><div class=\"bt_bb_port\"><div class=\"bt_bb_cell\"><div class=\"bt_bb_cell_inner\"><div class=\"bt_bb_row_wrapper\"><div  class=\"bt_bb_row\" ><div  class=\"bt_bb_column col-xl-6 bt_bb_vertical_align_top bt_bb_align_left bt_bb_padding_normal bt_bb_animation_fade_in bt_bb_animation_zoom_out animate\"  data-width=\"6\" data-bt-override-class=\"{}\"><div class=\"bt_bb_column_content\"><div class=\"bt_bb_column_content_inner\"><header class=\"bt_bb_headline bt_bb_dash_top bt_bb_size_extralarge bt_bb_superheadline bt_bb_subheadline bt_bb_align_inherit\"><h1><span class=\"bt_bb_headline_superheadline\"><span>Modellbau<\/span><\/span><span class=\"bt_bb_headline_content\"><span>Modellbau<span class=\"bt_bb_outline_text bt_bb_outline_text_align_left bt_bb_outline_text_size_300\"><span>Modellbau<\/span><\/span><\/span><\/span><\/h1><div class=\"bt_bb_headline_subheadline\">Die Modelleinrichtungen werden in Kooperation mit unseren Vertragspartnern hergestellt.<\/div><\/header><div class=\"bt_bb_separator bt_bb_border_style_none bt_bb_bottom_spacing_60\" data-bt-override-class=\"null\"><\/div><\/div><\/div><\/div><div  class=\"bt_bb_column col-xl-6 bt_bb_vertical_align_top bt_bb_align_right bt_bb_padding_40 bt_bb_animation_fade_in bt_bb_animation_zoom_out animate\"  data-width=\"6\" data-bt-override-class=\"{}\"><div class=\"bt_bb_column_content\"><div class=\"bt_bb_column_content_inner\"><\/div><\/div><\/div><\/div><\/div><\/div><\/div><\/div><\/section><section id=\"bt_bb_section69f42457072ab\"  class=\"bt_bb_section bt_bb_top_spacing_100 bt_bb_layout_wide bt_bb_vertical_align_top\" style=\"z-index: 1;\"><div class=\"bt_bb_port\"><div class=\"bt_bb_cell\"><div class=\"bt_bb_cell_inner\"><div class=\"bt_bb_row_wrapper bt_bb_row_push_left bt_bb_content_wide bt_bb_row_width_boxed_1200\"><div  class=\"bt_bb_row bt_bb_column_gap_30\" ><div  class=\"bt_bb_column col-xl-5 bt_bb_vertical_align_top bt_bb_align_left bt_bb_padding_normal bt_bb_animation_fade_in animate\" style=\"position: relative;\" data-width=\"5\" data-bt-override-class=\"{&quot;bt_bb_align_&quot;:{&quot;current_class&quot;:&quot;bt_bb_align_left&quot;,&quot;xl&quot;:&quot;left&quot;}}\"><div class=\"bt_bb_column_content\"><div class=\"bt_bb_column_content_inner\"><div class=\"bt_bb_image bt_bb_shape_square bt_bb_align_inherit bt_bb_hover_style_simple bt_bb_content_display_always bt_bb_content_align_bottom bt_bb_remove_padding_40 bt_bb_fill_background_color_match_content_height bt_bb_content_exists\" style=\"max-width: 650px; float: right;\"><span><img src = \"https:\/\/www.lkr.si\/wp-content\/plugins\/bold-page-builder\/img\/blank.gif\" data-full_image_src=\"https:\/\/www.lkr.si\/wp-content\/uploads\/2021\/08\/594112407_20190322_141252_4979033-scaled.jpg\" data-image_src=\"https:\/\/www.lkr.si\/wp-content\/uploads\/2021\/08\/594112407_20190322_141252_4979033-1280x1280.jpg\" title=\"-594112407_20190322_141252_4979033\" alt=\"https:\/\/www.lkr.si\/wp-content\/uploads\/2021\/08\/594112407_20190322_141252_4979033-1280x1280.jpg\" class=\"btLazyLoadImage\"><\/span><div class=\"bt_bb_image_content\" style=\"--bgcolor: rgba(255,125,12,0.51);background-color: rgba(255,125,12,0.51);\"><div class=\"bt_bb_image_content_flex\"><div class=\"bt_bb_image_content_inner\"><div  class=\"bt_bb_text\" style=\"color: #FFF;\"><p>F\u00fcr h\u00f6chste Anspr\u00fcche an Genauigkeit und Oberfl\u00e4cheng\u00fcte setzen wir das Keramikformsystem \/ Shaw-System ein.<\/p>\n<\/div><\/div><\/div><\/div><\/div><div class=\"bt_bb_floating_element bt_bb_floating_element_horizontal_position_right bt_bb_floating_element_vertical_position_top bt_bb_floating_element_animation_delay_default bt_bb_floating_element_animation_duration_default bt_bb_floating_element_animation_style_ease_out\" style=\"margin-right: -1em; margin-top: -3em; mix-blend-mode: multiply;\" data-speed=\"0\"><div class=\"bt_bb_floating_element_html\" data-speed=\"0\"><span  style=\"width: 5em; height: 5em; box-shadow: 0 0 0 4px #F1F1F1 inset;\"><\/span><\/div><\/div><div class=\"bt_bb_separator bt_bb_border_style_none bt_bb_bottom_spacing_60 bt_bb_hidden_md bt_bb_hidden_lg\" data-bt-override-class=\"null\"><\/div><\/div><\/div><\/div><div  class=\"bt_bb_column col-xl-7 bt_bb_vertical_align_top bt_bb_align_left bt_bb_padding_normal bt_bb_animation_fade_in animate\"  data-width=\"7\" data-bt-override-class=\"{&quot;bt_bb_align_&quot;:{&quot;current_class&quot;:&quot;bt_bb_align_left&quot;,&quot;xl&quot;:&quot;left&quot;}}\"><div class=\"bt_bb_column_content\"><div class=\"bt_bb_column_content_inner\"><div  class=\"bt_bb_row_inner\" ><div  class=\"bt_bb_column_inner col-xl-6 bt_bb_align_left bt_bb_vertical_align_top\"  data-width=\"6\" data-bt-override-class=\"{}\"><div class=\"bt_bb_column_inner_content\"><header class=\"bt_bb_headline bt_bb_font_weight_600 bt_bb_dash_none bt_bb_size_normal bt_bb_align_inherit\"><h4><span class=\"bt_bb_headline_content\"><span>Modellbau<\/span><\/span><\/h4><\/header><div class=\"bt_bb_separator bt_bb_border_style_none bt_bb_bottom_spacing_20\" data-bt-override-class=\"null\"><\/div><div  class=\"bt_bb_text\" ><p>Modelle f\u00fcr einfache Gussteile werden manuell oder mit konventionellen Bearbeitungsmaschinen gebaut.<\/p>\n<p>Auf CNC-gesteuerten Dreh- und Fr\u00e4smaschinen werden geometrisch anspruchsvollere Teile gefertigt.<\/p>\n<\/div><div class=\"bt_bb_separator bt_bb_border_style_none bt_bb_bottom_spacing_20 bt_bb_hidden_md bt_bb_hidden_lg\" data-bt-override-class=\"null\"><\/div><\/div><\/div><div  class=\"bt_bb_column_inner col-xl-6 bt_bb_align_left bt_bb_vertical_align_top bt_bb_padding_normal\" style=\"position: relative;\" data-width=\"6\" data-bt-override-class=\"{}\"><div class=\"bt_bb_column_inner_content\"><header class=\"bt_bb_headline bt_bb_font_weight_600 bt_bb_dash_none bt_bb_size_normal bt_bb_align_inherit\"><h4><span class=\"bt_bb_headline_content\"><span>Alle Arten von Materialien und Techniken<\/span><\/span><\/h4><\/header><div class=\"bt_bb_separator bt_bb_border_style_none bt_bb_bottom_spacing_20\" data-bt-override-class=\"null\"><\/div><div class=\"bt_bb_icon btFooterAccentIcon bt_bb_style_borderless bt_bb_size_small bt_bb_shape_circle bt_bb_target_self bt_bb_align_inherit\" data-bt-override-class=\"{&quot;bt_bb_size_&quot;:{&quot;current_class&quot;:&quot;bt_bb_size_small&quot;,&quot;xl&quot;:&quot;small&quot;},&quot;bt_bb_align_&quot;:{&quot;current_class&quot;:&quot;bt_bb_align_inherit&quot;,&quot;xl&quot;:&quot;inherit&quot;}}\"><span  data-ico-fontawesome5regular=\"&#xf058;\" class=\"bt_bb_icon_holder\"><span>Holz<\/span><\/span><\/div><div class=\"bt_bb_separator bt_bb_border_style_none bt_bb_bottom_spacing_10\" data-bt-override-class=\"null\"><\/div><div class=\"bt_bb_icon btFooterAccentIcon bt_bb_style_borderless bt_bb_size_small bt_bb_shape_circle bt_bb_target_self bt_bb_align_inherit\" data-bt-override-class=\"{&quot;bt_bb_size_&quot;:{&quot;current_class&quot;:&quot;bt_bb_size_small&quot;,&quot;xl&quot;:&quot;small&quot;},&quot;bt_bb_align_&quot;:{&quot;current_class&quot;:&quot;bt_bb_align_inherit&quot;,&quot;xl&quot;:&quot;inherit&quot;}}\"><span  data-ico-fontawesome5regular=\"&#xf058;\" class=\"bt_bb_icon_holder\"><span>Metall <\/span><\/span><\/div><div class=\"bt_bb_separator bt_bb_border_style_none bt_bb_bottom_spacing_10\" data-bt-override-class=\"null\"><\/div><div class=\"bt_bb_icon btFooterAccentIcon bt_bb_style_borderless bt_bb_size_small bt_bb_shape_circle bt_bb_target_self bt_bb_align_inherit\" data-bt-override-class=\"{&quot;bt_bb_size_&quot;:{&quot;current_class&quot;:&quot;bt_bb_size_small&quot;,&quot;xl&quot;:&quot;small&quot;},&quot;bt_bb_align_&quot;:{&quot;current_class&quot;:&quot;bt_bb_align_inherit&quot;,&quot;xl&quot;:&quot;inherit&quot;}}\"><span  data-ico-fontawesome5regular=\"&#xf058;\" class=\"bt_bb_icon_holder\"><span>Plastic <\/span><\/span><\/div><div class=\"bt_bb_separator bt_bb_border_style_none bt_bb_bottom_spacing_10\" data-bt-override-class=\"null\"><\/div><div class=\"bt_bb_icon btFooterAccentIcon bt_bb_style_borderless bt_bb_size_small bt_bb_shape_circle bt_bb_target_self bt_bb_align_inherit\" data-bt-override-class=\"{&quot;bt_bb_size_&quot;:{&quot;current_class&quot;:&quot;bt_bb_size_small&quot;,&quot;xl&quot;:&quot;small&quot;},&quot;bt_bb_align_&quot;:{&quot;current_class&quot;:&quot;bt_bb_align_inherit&quot;,&quot;xl&quot;:&quot;inherit&quot;}}\"><span  data-ico-fontawesome5regular=\"&#xf058;\" class=\"bt_bb_icon_holder\"><span>3D-Druck aus Styropor<\/span><\/span><\/div><div class=\"bt_bb_separator bt_bb_border_style_none bt_bb_bottom_spacing_10\" data-bt-override-class=\"null\"><\/div><div class=\"bt_bb_separator bt_bb_border_style_solid bt_bb_top_spacing_40 bt_bb_bottom_spacing_40\" data-bt-override-class=\"null\"><\/div><div class=\"bt_bb_button bt_bb_color_scheme_6 bt_bb_icon_position_left bt_bb_style_filled bt_bb_size_normal bt_bb_width_inline bt_bb_shape_inherit bt_bb_target_self bt_bb_align_inherit\" style=\"; --primary-color:#ffffff; --secondary-color:#ff7700;\" data-bt-override-class=\"{&quot;bt_bb_size_&quot;:{&quot;current_class&quot;:&quot;bt_bb_size_normal&quot;,&quot;xl&quot;:&quot;normal&quot;},&quot;bt_bb_align_&quot;:{&quot;current_class&quot;:&quot;bt_bb_align_inherit&quot;,&quot;xl&quot;:&quot;inherit&quot;}}\"><a href=\"https:\/\/www.lkr.si\/de\/ueber-uns\/kontakt\/#contact\" target=\"_self\" class=\"bt_bb_link\" title=\"Kontaktiere uns\"><span class=\"bt_bb_button_text\" >Kontaktiere uns<\/span><\/a><\/div><div class=\"bt_bb_separator bt_bb_border_style_none bt_bb_bottom_spacing_20 bt_bb_hidden_md bt_bb_hidden_lg\" data-bt-override-class=\"null\"><\/div><\/div><\/div><\/div><\/div><\/div><\/div><\/div><\/div><\/div><\/div><\/div><\/section><section id=\"bt_bb_section69f4245708bbb\"  class=\"bt_bb_section bt_bb_layout_boxed_1200 bt_bb_vertical_align_top\" ><div class=\"bt_bb_port\"><div class=\"bt_bb_cell\"><div class=\"bt_bb_cell_inner\"><div class=\"bt_bb_row_wrapper\"><div  class=\"bt_bb_row\" ><div  class=\"bt_bb_column col-xl-12 col-xs-12 col-sm-12 col-md-12 col-lg-12 bt_bb_vertical_align_top bt_bb_align_left bt_bb_padding_normal\"  data-width=\"12\" data-bt-override-class=\"{}\"><div class=\"bt_bb_column_content\"><div class=\"bt_bb_column_content_inner\"><div class=\"bt_bb_separator bt_bb_border_style_none bt_bb_top_spacing_50 bt_bb_bottom_spacing_50\" data-bt-override-class=\"null\"><\/div><div class=\"bt_bb_masonry_image_grid bt_bb_grid_container bt_bb_columns_4 bt_bb_gap_small\" data-columns=\"4\"><div class=\"bt_bb_masonry_post_image_content\" data-columns=\"4\"><div class=\"bt_bb_grid_sizer\"><\/div><div class=\"bt_bb_grid_item bt_bb_tile_format11\" data-hw=\"0.75\" data-src=\"https:\/\/www.lkr.si\/wp-content\/uploads\/2021\/08\/742593455_20180127_121656_4239001-1280x960.jpg\" data-src-full=\"https:\/\/www.lkr.si\/wp-content\/uploads\/2021\/08\/742593455_20180127_121656_4239001-scaled.jpg\" data-title=\"742593455_20180127_121656_4239001\"><div class=\"bt_bb_grid_item_inner\" data-hw=\"0.75\" ><div class=\"bt_bb_grid_item_inner_image\"><\/div><div class=\"bt_bb_grid_item_inner_content\"><\/div><\/div><\/div><div class=\"bt_bb_grid_item bt_bb_tile_format11\" data-hw=\"0.75\" data-src=\"https:\/\/www.lkr.si\/wp-content\/uploads\/2021\/08\/20201012_125342-1280x960.jpg\" data-src-full=\"https:\/\/www.lkr.si\/wp-content\/uploads\/2021\/08\/20201012_125342-scaled.jpg\" data-title=\"20201012_125342\"><div class=\"bt_bb_grid_item_inner\" data-hw=\"0.75\" ><div class=\"bt_bb_grid_item_inner_image\"><\/div><div class=\"bt_bb_grid_item_inner_content\"><\/div><\/div><\/div><div class=\"bt_bb_grid_item bt_bb_tile_format11\" data-hw=\"0.75\" data-src=\"https:\/\/www.lkr.si\/wp-content\/uploads\/2021\/08\/20200425_101958-1280x960.jpg\" data-src-full=\"https:\/\/www.lkr.si\/wp-content\/uploads\/2021\/08\/20200425_101958-scaled.jpg\" data-title=\"20200425_101958\"><div class=\"bt_bb_grid_item_inner\" data-hw=\"0.75\" ><div class=\"bt_bb_grid_item_inner_image\"><\/div><div class=\"bt_bb_grid_item_inner_content\"><\/div><\/div><\/div><div class=\"bt_bb_grid_item bt_bb_tile_format11\" data-hw=\"0.75\" data-src=\"https:\/\/www.lkr.si\/wp-content\/uploads\/2021\/08\/2073067879_20180912_172055_2387824-1280x960.jpg\" data-src-full=\"https:\/\/www.lkr.si\/wp-content\/uploads\/2021\/08\/2073067879_20180912_172055_2387824-scaled.jpg\" data-title=\"2073067879_20180912_172055_2387824\"><div class=\"bt_bb_grid_item_inner\" data-hw=\"0.75\" ><div class=\"bt_bb_grid_item_inner_image\"><\/div><div class=\"bt_bb_grid_item_inner_content\"><\/div><\/div><\/div><\/div><\/div><div class=\"bt_bb_separator bt_bb_border_style_none bt_bb_top_spacing_50 bt_bb_bottom_spacing_50\" data-bt-override-class=\"null\"><\/div><\/div><\/div><\/div><\/div><\/div><\/div><\/div><\/div><\/section>","protected":false},"excerpt":{"rendered":"","protected":false},"author":3,"featured_media":0,"parent":2280,"menu_order":0,"comment_status":"closed","ping_status":"closed","template":"","meta":{"content-type":""},"yoast_head":"<!-- This site is optimized with the Yoast SEO plugin v21.0 - https:\/\/yoast.com\/wordpress\/plugins\/seo\/ -->\n<title>Modellbau - LKR<\/title>\n<meta name=\"robots\" content=\"index, follow, max-snippet:-1, max-image-preview:large, max-video-preview:-1\" \/>\n<link rel=\"canonical\" href=\"https:\/\/www.lkr.si\/de\/leistungen\/modellbau\/\" \/>\n<meta property=\"og:locale\" content=\"de_DE\" \/>\n<meta property=\"og:type\" content=\"article\" \/>\n<meta property=\"og:title\" content=\"Modellbau - LKR\" \/>\n<meta property=\"og:url\" content=\"https:\/\/www.lkr.si\/de\/leistungen\/modellbau\/\" \/>\n<meta property=\"og:site_name\" content=\"LKR\" \/>\n<meta property=\"article:publisher\" content=\"https:\/\/www.facebook.com\/lkrslovenia\" \/>\n<meta property=\"article:modified_time\" content=\"2021-10-14T09:33:44+00:00\" \/>\n<meta name=\"twitter:card\" content=\"summary_large_image\" \/>\n<meta name=\"twitter:label1\" content=\"Gesch\u00e4tzte Lesezeit\" \/>\n\t<meta name=\"twitter:data1\" content=\"8 Minuten\" \/>\n<script type=\"application\/ld+json\" class=\"yoast-schema-graph\">{\"@context\":\"https:\/\/schema.org\",\"@graph\":[{\"@type\":\"WebPage\",\"@id\":\"https:\/\/www.lkr.si\/de\/leistungen\/modellbau\/\",\"url\":\"https:\/\/www.lkr.si\/de\/leistungen\/modellbau\/\",\"name\":\"Modellbau - LKR\",\"isPartOf\":{\"@id\":\"https:\/\/www.lkr.si\/sl\/#website\"},\"datePublished\":\"2021-06-09T10:14:58+00:00\",\"dateModified\":\"2021-10-14T09:33:44+00:00\",\"breadcrumb\":{\"@id\":\"https:\/\/www.lkr.si\/de\/leistungen\/modellbau\/#breadcrumb\"},\"inLanguage\":\"de-DE\",\"potentialAction\":[{\"@type\":\"ReadAction\",\"target\":[\"https:\/\/www.lkr.si\/de\/leistungen\/modellbau\/\"]}]},{\"@type\":\"BreadcrumbList\",\"@id\":\"https:\/\/www.lkr.si\/de\/leistungen\/modellbau\/#breadcrumb\",\"itemListElement\":[{\"@type\":\"ListItem\",\"position\":1,\"name\":\"Home\",\"item\":\"https:\/\/www.lkr.si\/de\/\"},{\"@type\":\"ListItem\",\"position\":2,\"name\":\"Leistungen\",\"item\":\"https:\/\/www.lkr.si\/de\/leistungen\/\"},{\"@type\":\"ListItem\",\"position\":3,\"name\":\"Modellbau\"}]},{\"@type\":\"WebSite\",\"@id\":\"https:\/\/www.lkr.si\/sl\/#website\",\"url\":\"https:\/\/www.lkr.si\/sl\/\",\"name\":\"LKR\",\"description\":\"\",\"publisher\":{\"@id\":\"https:\/\/www.lkr.si\/sl\/#organization\"},\"potentialAction\":[{\"@type\":\"SearchAction\",\"target\":{\"@type\":\"EntryPoint\",\"urlTemplate\":\"https:\/\/www.lkr.si\/sl\/?s={search_term_string}\"},\"query-input\":\"required name=search_term_string\"}],\"inLanguage\":\"de-DE\"},{\"@type\":\"Organization\",\"@id\":\"https:\/\/www.lkr.si\/sl\/#organization\",\"name\":\"LKR\",\"url\":\"https:\/\/www.lkr.si\/sl\/\",\"logo\":{\"@type\":\"ImageObject\",\"inLanguage\":\"de-DE\",\"@id\":\"https:\/\/www.lkr.si\/sl\/#\/schema\/logo\/image\/\",\"url\":\"https:\/\/www.lkr.si\/wp-content\/uploads\/2021\/06\/samo_lkrblack.png\",\"contentUrl\":\"https:\/\/www.lkr.si\/wp-content\/uploads\/2021\/06\/samo_lkrblack.png\",\"width\":148,\"height\":62,\"caption\":\"LKR\"},\"image\":{\"@id\":\"https:\/\/www.lkr.si\/sl\/#\/schema\/logo\/image\/\"},\"sameAs\":[\"https:\/\/www.facebook.com\/lkrslovenia\"]}]}<\/script>\n<!-- \/ Yoast SEO plugin. -->","yoast_head_json":{"title":"Modellbau - LKR","robots":{"index":"index","follow":"follow","max-snippet":"max-snippet:-1","max-image-preview":"max-image-preview:large","max-video-preview":"max-video-preview:-1"},"canonical":"https:\/\/www.lkr.si\/de\/leistungen\/modellbau\/","og_locale":"de_DE","og_type":"article","og_title":"Modellbau - LKR","og_url":"https:\/\/www.lkr.si\/de\/leistungen\/modellbau\/","og_site_name":"LKR","article_publisher":"https:\/\/www.facebook.com\/lkrslovenia","article_modified_time":"2021-10-14T09:33:44+00:00","twitter_card":"summary_large_image","twitter_misc":{"Gesch\u00e4tzte Lesezeit":"8 Minuten"},"schema":{"@context":"https:\/\/schema.org","@graph":[{"@type":"WebPage","@id":"https:\/\/www.lkr.si\/de\/leistungen\/modellbau\/","url":"https:\/\/www.lkr.si\/de\/leistungen\/modellbau\/","name":"Modellbau - LKR","isPartOf":{"@id":"https:\/\/www.lkr.si\/sl\/#website"},"datePublished":"2021-06-09T10:14:58+00:00","dateModified":"2021-10-14T09:33:44+00:00","breadcrumb":{"@id":"https:\/\/www.lkr.si\/de\/leistungen\/modellbau\/#breadcrumb"},"inLanguage":"de-DE","potentialAction":[{"@type":"ReadAction","target":["https:\/\/www.lkr.si\/de\/leistungen\/modellbau\/"]}]},{"@type":"BreadcrumbList","@id":"https:\/\/www.lkr.si\/de\/leistungen\/modellbau\/#breadcrumb","itemListElement":[{"@type":"ListItem","position":1,"name":"Home","item":"https:\/\/www.lkr.si\/de\/"},{"@type":"ListItem","position":2,"name":"Leistungen","item":"https:\/\/www.lkr.si\/de\/leistungen\/"},{"@type":"ListItem","position":3,"name":"Modellbau"}]},{"@type":"WebSite","@id":"https:\/\/www.lkr.si\/sl\/#website","url":"https:\/\/www.lkr.si\/sl\/","name":"LKR","description":"","publisher":{"@id":"https:\/\/www.lkr.si\/sl\/#organization"},"potentialAction":[{"@type":"SearchAction","target":{"@type":"EntryPoint","urlTemplate":"https:\/\/www.lkr.si\/sl\/?s={search_term_string}"},"query-input":"required name=search_term_string"}],"inLanguage":"de-DE"},{"@type":"Organization","@id":"https:\/\/www.lkr.si\/sl\/#organization","name":"LKR","url":"https:\/\/www.lkr.si\/sl\/","logo":{"@type":"ImageObject","inLanguage":"de-DE","@id":"https:\/\/www.lkr.si\/sl\/#\/schema\/logo\/image\/","url":"https:\/\/www.lkr.si\/wp-content\/uploads\/2021\/06\/samo_lkrblack.png","contentUrl":"https:\/\/www.lkr.si\/wp-content\/uploads\/2021\/06\/samo_lkrblack.png","width":148,"height":62,"caption":"LKR"},"image":{"@id":"https:\/\/www.lkr.si\/sl\/#\/schema\/logo\/image\/"},"sameAs":["https:\/\/www.facebook.com\/lkrslovenia"]}]}},"_links":{"self":[{"href":"https:\/\/www.lkr.si\/de\/wp-json\/wp\/v2\/pages\/2359"}],"collection":[{"href":"https:\/\/www.lkr.si\/de\/wp-json\/wp\/v2\/pages"}],"about":[{"href":"https:\/\/www.lkr.si\/de\/wp-json\/wp\/v2\/types\/page"}],"author":[{"embeddable":true,"href":"https:\/\/www.lkr.si\/de\/wp-json\/wp\/v2\/users\/3"}],"replies":[{"embeddable":true,"href":"https:\/\/www.lkr.si\/de\/wp-json\/wp\/v2\/comments?post=2359"}],"version-history":[{"count":13,"href":"https:\/\/www.lkr.si\/de\/wp-json\/wp\/v2\/pages\/2359\/revisions"}],"predecessor-version":[{"id":5146,"href":"https:\/\/www.lkr.si\/de\/wp-json\/wp\/v2\/pages\/2359\/revisions\/5146"}],"up":[{"embeddable":true,"href":"https:\/\/www.lkr.si\/de\/wp-json\/wp\/v2\/pages\/2280"}],"wp:attachment":[{"href":"https:\/\/www.lkr.si\/de\/wp-json\/wp\/v2\/media?parent=2359"}],"curies":[{"name":"wp","href":"https:\/\/api.w.org\/{rel}","templated":true}]}}